{"id":3209,"date":"2016-04-05T20:52:32","date_gmt":"2016-04-05T20:52:32","guid":{"rendered":"http:\/\/www.futurenergy.ch\/?page_id=3209&#038;lang=it"},"modified":"2026-02-07T11:17:06","modified_gmt":"2026-02-07T11:17:06","slug":"e-mobilita","status":"publish","type":"page","link":"https:\/\/www.futurenergy.ch\/it\/e-mobilita\/","title":{"rendered":"E-Mobilit\u00e0"},"content":{"rendered":"<p>[et_pb_section fb_built=&#8221;1&#8243; custom_padding_last_edited=&#8221;on|phone&#8221; admin_label=&#8221;section&#8221; module_class=&#8221;emobility&#8221; _builder_version=&#8221;4.16&#8243; custom_padding=&#8221;15px|||&#8221; custom_padding_tablet=&#8221;50px|0|50px|0&#8243; custom_padding_phone=&#8221;5px|||&#8221; transparent_background=&#8221;off&#8221; padding_mobile=&#8221;off&#8221; make_fullwidth=&#8221;off&#8221; use_custom_width=&#8221;off&#8221; width_unit=&#8221;on&#8221; global_colors_info=&#8221;{}&#8221;][et_pb_row padding_mobile=&#8221;off&#8221; column_padding_mobile=&#8221;on&#8221; custom_padding_last_edited=&#8221;on|phone&#8221; admin_label=&#8221;row&#8221; _builder_version=&#8221;4.16&#8243; background_size=&#8221;initial&#8221; background_position=&#8221;top_left&#8221; background_repeat=&#8221;repeat&#8221; custom_padding=&#8221;5px||5px|&#8221; custom_padding_tablet=&#8221;&#8221; custom_padding_phone=&#8221;5px||0px|&#8221; make_fullwidth=&#8221;off&#8221; use_custom_width=&#8221;off&#8221; width_unit=&#8221;on&#8221; global_colors_info=&#8221;{}&#8221;][et_pb_column type=&#8221;4_4&#8243; _builder_version=&#8221;4.16&#8243; custom_padding=&#8221;|||&#8221; global_colors_info=&#8221;{}&#8221; custom_padding__hover=&#8221;|||&#8221;][et_pb_text admin_label=&#8221;Titel E-Mobilit\u00e0&#8221; _builder_version=&#8221;4.16&#8243; text_font=&#8221;|on|||&#8221; text_text_color=&#8221;#ffa200&#8243; text_font_size=&#8221;28&#8243; background_size=&#8221;initial&#8221; background_position=&#8221;top_left&#8221; background_repeat=&#8221;repeat&#8221; custom_padding=&#8221;5px|||&#8221; text_font_size_tablet=&#8221;&#8221; text_font_size_phone=&#8221;22&#8243; text_font_size_last_edited=&#8221;on|phone&#8221; use_border_color=&#8221;off&#8221; border_color=&#8221;#ffffff&#8221; border_style=&#8221;solid&#8221; global_colors_info=&#8221;{}&#8221;]<span lang=\"DE-CH\">E-Mobilit\u00e0<\/span><br \/>\n[\/et_pb_text][\/et_pb_column][\/et_pb_row][et_pb_row column_structure=&#8221;1_2,1_2&#8243; padding_mobile=&#8221;off&#8221; column_padding_mobile=&#8221;on&#8221; custom_padding_last_edited=&#8221;on|phone&#8221; admin_label=&#8221;Zeile&#8221; _builder_version=&#8221;4.16&#8243; background_size=&#8221;initial&#8221; background_position=&#8221;top_left&#8221; background_repeat=&#8221;repeat&#8221; custom_padding_tablet=&#8221;&#8221; custom_padding_phone=&#8221;&#8221; make_fullwidth=&#8221;off&#8221; use_custom_width=&#8221;off&#8221; width_unit=&#8221;on&#8221; global_colors_info=&#8221;{}&#8221;][et_pb_column type=&#8221;1_2&#8243; _builder_version=&#8221;4.16&#8243; custom_padding=&#8221;|||&#8221; global_colors_info=&#8221;{}&#8221; custom_padding__hover=&#8221;|||&#8221;][et_pb_text admin_label=&#8221;Text&#8221; _builder_version=&#8221;4.16&#8243; background_size=&#8221;initial&#8221; background_position=&#8221;top_left&#8221; background_repeat=&#8221;repeat&#8221; use_border_color=&#8221;off&#8221; border_color=&#8221;#ffffff&#8221; border_style=&#8221;solid&#8221; global_colors_info=&#8221;{}&#8221;]<\/p>\n<p>Veicoli privati \u200b\u200b&amp; professionali\u00a0<\/p>\n<p><strong>La missione di Tesla \u00e8 accelerare la transizione del pianeta verso l&#8217;energia sostenibile.<\/strong><\/p>\n<p>Tesla \u00e8 stata fondata nel 2003 da un gruppo di ingegneri che volevano dimostrare che i consumatori non devono scendere a compromessi per guidare l&#8217;elettrico e che i veicoli elettrici possono essere migliori, pi\u00f9 veloci e pi\u00f9 divertenti da guidare rispetto a quelli a benzina. Oggi Tesla costruisce non solo veicoli completamente elettrici, ma anche prodotti infinitamente scalabili per la produzione e lo stoccaggio di energia pulita. Tesla ritiene che prima la societ\u00e0 si allontaner\u00e0 dai combustibili fossili e si avviciner\u00e0 a un futuro senza emissioni, migliore sar\u00e0 il futuro.<\/p>\n<p><strong>Fendt e100 Vario: il trattore compatto a batteria<\/strong><\/p>\n<p>AGCO \/ Fendt si \u00e8 fatta un nome nell&#8217;elettrificazione dell&#8217;agricoltura. Da molti anni Fendt sviluppa soluzioni pratiche per l&#8217;uso efficiente dei sistemi di azionamento elettrico. Il Fendt e100 Vario diventa ora il primo pratico trattore alimentato a batteria che pu\u00f2 essere utilizzato durante il normale funzionamento per un&#8217;intera giornata lavorativa senza la necessit\u00e0 di ricaricare.<\/p>\n<p><strong>Il camion elettrico pi\u00f9 grande del mondo \u00e8 stato sviluppato in Svizzera<\/strong><\/p>\n<p>Il veicolo elettrico pi\u00f9 grande del mondo, con un peso a vuoto di 58 tonnellate e un carico utile di 65 tonnellate, \u00e8 stato battezzato &#8220;Lynx&#8221; alla presenza di numerosi rappresentanti dell&#8217;economia e della politica e lavora nella cava Vigier Ciment. L\u2019eDumper \u00e8 il veicolo elettrico a ruote alimentato a batteria pi\u00f9 grande e potente al mondo e mai prima d\u2019ora un veicolo paragonabile \u00e8 stato in grado di risparmiare una quantit\u00e0 cos\u00ec grande di CO2. Secondo i calcoli preliminari, nei prossimi 10 anni il veicolo far\u00e0 risparmiare fino a 1.300 tonnellate di CO2 e 500.000 litri di gasolio. Il progetto \u00e8 sostenuto dall&#8217;Ufficio federale dell&#8217;energia (UFE).<\/p>\n<p>[\/et_pb_text][et_pb_text admin_label=&#8221;Tesla&#8221; _builder_version=&#8221;4.16&#8243; text_font=&#8221;|on|||&#8221; text_text_color=&#8221;#ffa200&#8243; text_font_size=&#8221;18&#8243; background_size=&#8221;initial&#8221; background_position=&#8221;top_left&#8221; background_repeat=&#8221;repeat&#8221; custom_margin=&#8221;||10px|&#8221; use_border_color=&#8221;off&#8221; border_color=&#8221;#ffffff&#8221; border_style=&#8221;solid&#8221; global_colors_info=&#8221;{}&#8221;]<span lang=\"DE-CH\"><a href=\"http:\/\/www.futurenergy.ch\/wp-content\/uploads\/2016\/04\/Tesla_Model_S.jpeg\" rel=\"attachment wp-att-3210\"><img loading=\"lazy\" decoding=\"async\" class=\"alignnone wp-image-3210\" src=\"http:\/\/www.futurenergy.ch\/wp-content\/uploads\/2016\/04\/Tesla_Model_S.jpeg\" alt=\"Tesla_Model_S\" width=\"633\" height=\"343\" srcset=\"https:\/\/www.futurenergy.ch\/wp-content\/uploads\/2016\/04\/Tesla_Model_S.jpeg 2980w, https:\/\/www.futurenergy.ch\/wp-content\/uploads\/2016\/04\/Tesla_Model_S-300x162.jpeg 300w, https:\/\/www.futurenergy.ch\/wp-content\/uploads\/2016\/04\/Tesla_Model_S-768x416.jpeg 768w, https:\/\/www.futurenergy.ch\/wp-content\/uploads\/2016\/04\/Tesla_Model_S-1024x555.jpeg 1024w, https:\/\/www.futurenergy.ch\/wp-content\/uploads\/2016\/04\/Tesla_Model_S-1080x585.jpeg 1080w\" sizes=\"(max-width: 633px) 100vw, 633px\" \/><\/a><\/span><br \/>\n[\/et_pb_text][\/et_pb_column][et_pb_column type=&#8221;1_2&#8243; _builder_version=&#8221;4.16&#8243; custom_padding=&#8221;|||&#8221; global_colors_info=&#8221;{}&#8221; custom_padding__hover=&#8221;|||&#8221;][\/et_pb_column][\/et_pb_row][et_pb_row admin_label=&#8221;Zeile&#8221; _builder_version=&#8221;4.16&#8243; background_size=&#8221;initial&#8221; background_position=&#8221;top_left&#8221; background_repeat=&#8221;repeat&#8221; global_colors_info=&#8221;{}&#8221;][et_pb_column type=&#8221;4_4&#8243; _builder_version=&#8221;4.16&#8243; custom_padding=&#8221;|||&#8221; global_colors_info=&#8221;{}&#8221; custom_padding__hover=&#8221;|||&#8221;][et_pb_text admin_label=&#8221;Other products available on request&#8221; _builder_version=&#8221;4.25.1&#8243; background_size=&#8221;initial&#8221; background_position=&#8221;top_left&#8221; background_repeat=&#8221;repeat&#8221; use_border_color=&#8221;off&#8221; border_color=&#8221;#ffffff&#8221; border_style=&#8221;solid&#8221; global_colors_info=&#8221;{}&#8221;]<\/p>\n<p style=\"text-align: left;\"><span lang=\"DE-CH\">Diversi prodotti disponibili su richiesta.<\/span><\/p>\n<p>&nbsp;<\/p>\n<p>&nbsp;<\/p>\n<p>[\/et_pb_text][\/et_pb_column][\/et_pb_row][\/et_pb_section]<\/p>\n","protected":false},"excerpt":{"rendered":"<p>E-Mobilit\u00e0 Veicoli privati \u200b\u200b&amp; professionali\u00a0 La missione di Tesla \u00e8 accelerare la transizione del pianeta verso l&#8217;energia sostenibile. Tesla \u00e8 stata fondata nel 2003 da un gruppo di ingegneri che volevano dimostrare che i consumatori non devono scendere a compromessi per guidare l&#8217;elettrico e che i veicoli elettrici possono essere migliori, pi\u00f9 veloci e pi\u00f9 [&hellip;]<\/p>\n","protected":false},"author":4,"featured_media":0,"parent":0,"menu_order":0,"comment_status":"closed","ping_status":"closed","template":"","meta":{"_et_pb_use_builder":"on","_et_pb_old_content":"","_et_gb_content_width":"","footnotes":""},"class_list":["post-3209","page","type-page","status-publish","hentry"],"_links":{"self":[{"href":"https:\/\/www.futurenergy.ch\/it\/wp-json\/wp\/v2\/pages\/3209","targetHints":{"allow":["GET"]}}],"collection":[{"href":"https:\/\/www.futurenergy.ch\/it\/wp-json\/wp\/v2\/pages"}],"about":[{"href":"https:\/\/www.futurenergy.ch\/it\/wp-json\/wp\/v2\/types\/page"}],"author":[{"embeddable":true,"href":"https:\/\/www.futurenergy.ch\/it\/wp-json\/wp\/v2\/users\/4"}],"replies":[{"embeddable":true,"href":"https:\/\/www.futurenergy.ch\/it\/wp-json\/wp\/v2\/comments?post=3209"}],"version-history":[{"count":7,"href":"https:\/\/www.futurenergy.ch\/it\/wp-json\/wp\/v2\/pages\/3209\/revisions"}],"predecessor-version":[{"id":14064,"href":"https:\/\/www.futurenergy.ch\/it\/wp-json\/wp\/v2\/pages\/3209\/revisions\/14064"}],"wp:attachment":[{"href":"https:\/\/www.futurenergy.ch\/it\/wp-json\/wp\/v2\/media?parent=3209"}],"curies":[{"name":"wp","href":"https:\/\/api.w.org\/{rel}","templated":true}]}}