{"id":86,"date":"2016-03-11T22:13:40","date_gmt":"2016-03-11T22:13:40","guid":{"rendered":"http:\/\/www.futurenergy.ch\/?page_id=86&#038;lang=fr"},"modified":"2026-04-15T20:26:20","modified_gmt":"2026-04-15T20:26:20","slug":"landingpage","status":"publish","type":"page","link":"https:\/\/www.futurenergy.ch\/fr\/","title":{"rendered":"Landingpage"},"content":{"rendered":"<p>[et_pb_section fb_built=\u00a0\u00bb1&Prime; admin_label=\u00a0\u00bbSektion\u00a0\u00bb _builder_version=\u00a0\u00bb4.16&Prime; background_color=\u00a0\u00bbrgba(255,255,255,0)\u00a0\u00bb custom_padding=\u00a0\u00bb0px||0px|\u00a0\u00bb custom_padding_tablet=\u00a0\u00bb0px||0px|\u00a0\u00bb transparent_background=\u00a0\u00bbon\u00a0\u00bb padding_mobile=\u00a0\u00bbon\u00a0\u00bb make_fullwidth=\u00a0\u00bboff\u00a0\u00bb use_custom_width=\u00a0\u00bboff\u00a0\u00bb width_unit=\u00a0\u00bbon\u00a0\u00bb global_colors_info=\u00a0\u00bb{}\u00a0\u00bb][et_pb_row use_custom_gutter=\u00a0\u00bbon\u00a0\u00bb gutter_width=\u00a0\u00bb1&Prime; padding_mobile=\u00a0\u00bboff\u00a0\u00bb column_padding_mobile=\u00a0\u00bbon\u00a0\u00bb admin_label=\u00a0\u00bbZeile\u00a0\u00bb module_class=\u00a0\u00bb et_pb_row_fullwidth\u00a0\u00bb _builder_version=\u00a0\u00bb4.16&Prime; background_size=\u00a0\u00bbinitial\u00a0\u00bb background_position=\u00a0\u00bbtop_left\u00a0\u00bb background_repeat=\u00a0\u00bbrepeat\u00a0\u00bb width=\u00a0\u00bb100%\u00a0\u00bb width_tablet=\u00a0\u00bb100%\u00a0\u00bb width_phone=\u00a0\u00bb100%\u00a0\u00bb width_last_edited=\u00a0\u00bbon|desktop\u00a0\u00bb max_width=\u00a0\u00bb100%\u00a0\u00bb max_width_tablet=\u00a0\u00bb100%\u00a0\u00bb max_width_phone=\u00a0\u00bb100%\u00a0\u00bb max_width_last_edited=\u00a0\u00bbon|desktop\u00a0\u00bb custom_margin=\u00a0\u00bb0px||0px|\u00a0\u00bb custom_padding=\u00a0\u00bb0px||0px|\u00a0\u00bb make_fullwidth=\u00a0\u00bbon\u00a0\u00bb use_custom_width=\u00a0\u00bboff\u00a0\u00bb width_unit=\u00a0\u00bbon\u00a0\u00bb global_colors_info=\u00a0\u00bb{}\u00a0\u00bb][et_pb_column type=\u00a0\u00bb4_4&Prime; _builder_version=\u00a0\u00bb4.16&Prime; custom_padding=\u00a0\u00bb0px||0px|\u00a0\u00bb global_colors_info=\u00a0\u00bb{}\u00a0\u00bb custom_padding__hover=\u00a0\u00bb|||\u00a0\u00bb][et_pb_gallery gallery_ids=\u00a0\u00bb14043,14003,13839,13843,13847,13851,13855,13859,13863&Prime; fullwidth=\u00a0\u00bbon\u00a0\u00bb admin_label=\u00a0\u00bbGalerie Landingpage\u00a0\u00bb _builder_version=\u00a0\u00bb4.27.5&Prime; caption_all_caps=\u00a0\u00bboff\u00a0\u00bb auto=\u00a0\u00bbon\u00a0\u00bb auto_speed=\u00a0\u00bb3500&Prime; use_border_color=\u00a0\u00bboff\u00a0\u00bb border_color=\u00a0\u00bb#ffffff\u00a0\u00bb border_style=\u00a0\u00bbsolid\u00a0\u00bb global_colors_info=\u00a0\u00bb{}\u00a0\u00bb][\/et_pb_gallery][\/et_pb_column][\/et_pb_row][\/et_pb_section][et_pb_section fb_built=\u00a0\u00bb1&Prime; admin_label=\u00a0\u00bbSektion\u00a0\u00bb _builder_version=\u00a0\u00bb4.16&Prime; custom_padding=\u00a0\u00bb5px||0px|\u00a0\u00bb custom_padding_tablet=\u00a0\u00bb5px||0px|\u00a0\u00bb transparent_background=\u00a0\u00bboff\u00a0\u00bb padding_mobile=\u00a0\u00bbon\u00a0\u00bb make_fullwidth=\u00a0\u00bboff\u00a0\u00bb use_custom_width=\u00a0\u00bboff\u00a0\u00bb width_unit=\u00a0\u00bbon\u00a0\u00bb global_colors_info=\u00a0\u00bb{}\u00a0\u00bb][et_pb_row column_structure=\u00a0\u00bb1_3,1_3,1_3&Prime; padding_mobile=\u00a0\u00bbon\u00a0\u00bb column_padding_mobile=\u00a0\u00bbon\u00a0\u00bb custom_padding_last_edited=\u00a0\u00bbon|desktop\u00a0\u00bb disabled_on=\u00a0\u00bboff||\u00a0\u00bb admin_label=\u00a0\u00bbZeile\u00a0\u00bb module_class=\u00a0\u00bbhomeblocks-desk\u00a0\u00bb _builder_version=\u00a0\u00bb4.16&Prime; background_size=\u00a0\u00bbinitial\u00a0\u00bb background_position=\u00a0\u00bbtop_left\u00a0\u00bb background_repeat=\u00a0\u00bbrepeat\u00a0\u00bb custom_padding_tablet=\u00a0\u00bb\u00a0\u00bb custom_padding_phone=\u00a0\u00bb||5px|\u00a0\u00bb make_fullwidth=\u00a0\u00bboff\u00a0\u00bb use_custom_width=\u00a0\u00bboff\u00a0\u00bb width_unit=\u00a0\u00bbon\u00a0\u00bb global_colors_info=\u00a0\u00bb{}\u00a0\u00bb][et_pb_column type=\u00a0\u00bb1_3&Prime; _builder_version=\u00a0\u00bb4.16&Prime; custom_padding=\u00a0\u00bb|||\u00a0\u00bb global_colors_info=\u00a0\u00bb{}\u00a0\u00bb custom_padding__hover=\u00a0\u00bb|||\u00a0\u00bb][\/et_pb_column][et_pb_column type=\u00a0\u00bb1_3&Prime; _builder_version=\u00a0\u00bb4.16&Prime; custom_padding=\u00a0\u00bb|||\u00a0\u00bb global_colors_info=\u00a0\u00bb{}\u00a0\u00bb custom_padding__hover=\u00a0\u00bb|||\u00a0\u00bb][et_pb_blurb title=\u00a0\u00bbSolar Power\u00a0\u00bb url=\u00a0\u00bbhttp:\/\/www.futurenergy.ch\/sun-power\/\u00a0\u00bb image_icon_width=\u00a0\u00bbnone\u00a0\u00bb admin_label=\u00a0\u00bbSolar Power\u00a0\u00bb _builder_version=\u00a0\u00bb4.16&Prime; header_font=\u00a0\u00bb|on|||\u00a0\u00bb header_text_color=\u00a0\u00bb#ffa200&Prime; header_font_size=\u00a0\u00bb25&Prime; header_line_height=\u00a0\u00bb1.5em\u00a0\u00bb background_size=\u00a0\u00bbinitial\u00a0\u00bb background_position=\u00a0\u00bbtop_left\u00a0\u00bb background_repeat=\u00a0\u00bbrepeat\u00a0\u00bb header_font_size_tablet=\u00a0\u00bb\u00a0\u00bb header_font_size_phone=\u00a0\u00bb\u00a0\u00bb header_font_size_last_edited=\u00a0\u00bbon|desktop\u00a0\u00bb use_border_color=\u00a0\u00bboff\u00a0\u00bb border_color=\u00a0\u00bb#ffffff\u00a0\u00bb border_style=\u00a0\u00bbsolid\u00a0\u00bb image_max_width=\u00a0\u00bbnone\u00a0\u00bb use_circle=\u00a0\u00bboff\u00a0\u00bb use_circle_border=\u00a0\u00bboff\u00a0\u00bb circle_border_color=\u00a0\u00bb#7EBEC5&Prime; circle_color=\u00a0\u00bb#7EBEC5&Prime; global_colors_info=\u00a0\u00bb{}\u00a0\u00bb]<a href=\"https:\/\/www.futurenergy.ch\/solar-power\/\" rel=\"attachment wp-att-79\"><img loading=\"lazy\" decoding=\"async\" class=\"alignnone size-full wp-image-79\" src=\"http:\/\/www.futurenergy.ch\/wp-content\/uploads\/2016\/03\/003-1.jpg\" alt=\"003\" width=\"700\" height=\"393\" srcset=\"https:\/\/www.futurenergy.ch\/wp-content\/uploads\/2016\/03\/003-1.jpg 700w, https:\/\/www.futurenergy.ch\/wp-content\/uploads\/2016\/03\/003-1-300x168.jpg 300w\" sizes=\"(max-width: 700px) 100vw, 700px\" \/><\/a><br \/>\n[\/et_pb_blurb][\/et_pb_column][et_pb_column type=\u00a0\u00bb1_3&Prime; _builder_version=\u00a0\u00bb4.16&Prime; custom_padding=\u00a0\u00bb|||\u00a0\u00bb global_colors_info=\u00a0\u00bb{}\u00a0\u00bb custom_padding__hover=\u00a0\u00bb|||\u00a0\u00bb][\/et_pb_column][\/et_pb_row][et_pb_row column_structure=\u00a0\u00bb1_3,1_3,1_3&Prime; padding_mobile=\u00a0\u00bbon\u00a0\u00bb column_padding_mobile=\u00a0\u00bbon\u00a0\u00bb custom_padding_last_edited=\u00a0\u00bbon|desktop\u00a0\u00bb disabled_on=\u00a0\u00bboff||\u00a0\u00bb admin_label=\u00a0\u00bbZeile\u00a0\u00bb module_class=\u00a0\u00bbhomeblocks-mobile\u00a0\u00bb _builder_version=\u00a0\u00bb4.16&Prime; background_size=\u00a0\u00bbinitial\u00a0\u00bb background_position=\u00a0\u00bbtop_left\u00a0\u00bb background_repeat=\u00a0\u00bbrepeat\u00a0\u00bb custom_padding_tablet=\u00a0\u00bb\u00a0\u00bb custom_padding_phone=\u00a0\u00bb||5px|\u00a0\u00bb make_fullwidth=\u00a0\u00bboff\u00a0\u00bb use_custom_width=\u00a0\u00bboff\u00a0\u00bb width_unit=\u00a0\u00bbon\u00a0\u00bb global_colors_info=\u00a0\u00bb{}\u00a0\u00bb][et_pb_column type=\u00a0\u00bb1_3&Prime; _builder_version=\u00a0\u00bb4.16&Prime; custom_padding=\u00a0\u00bb|||\u00a0\u00bb global_colors_info=\u00a0\u00bb{}\u00a0\u00bb custom_padding__hover=\u00a0\u00bb|||\u00a0\u00bb][et_pb_blurb title=\u00a0\u00bbSolar Power\u00a0\u00bb url=\u00a0\u00bbhttp:\/\/www.futurenergy.ch\/sun-power\/\u00a0\u00bb image_icon_width=\u00a0\u00bbnone\u00a0\u00bb admin_label=\u00a0\u00bbSolar Power\u00a0\u00bb _builder_version=\u00a0\u00bb4.16&Prime; header_font=\u00a0\u00bb|on|||\u00a0\u00bb header_text_color=\u00a0\u00bb#ffa200&Prime; header_font_size=\u00a0\u00bb25&Prime; header_line_height=\u00a0\u00bb1.5em\u00a0\u00bb background_size=\u00a0\u00bbinitial\u00a0\u00bb background_position=\u00a0\u00bbtop_left\u00a0\u00bb background_repeat=\u00a0\u00bbrepeat\u00a0\u00bb header_font_size_tablet=\u00a0\u00bb\u00a0\u00bb header_font_size_phone=\u00a0\u00bb\u00a0\u00bb header_font_size_last_edited=\u00a0\u00bbon|desktop\u00a0\u00bb use_border_color=\u00a0\u00bboff\u00a0\u00bb border_color=\u00a0\u00bb#ffffff\u00a0\u00bb border_style=\u00a0\u00bbsolid\u00a0\u00bb image_max_width=\u00a0\u00bbnone\u00a0\u00bb use_circle=\u00a0\u00bboff\u00a0\u00bb use_circle_border=\u00a0\u00bboff\u00a0\u00bb circle_border_color=\u00a0\u00bb#7EBEC5&Prime; circle_color=\u00a0\u00bb#7EBEC5&Prime; global_colors_info=\u00a0\u00bb{}\u00a0\u00bb]<a href=\"https:\/\/www.futurenergy.ch\/solar-power\/\" rel=\"attachment wp-att-79\"><img loading=\"lazy\" decoding=\"async\" class=\"alignnone size-full wp-image-79\" src=\"http:\/\/www.futurenergy.ch\/wp-content\/uploads\/2016\/03\/003-1.jpg\" alt=\"003\" width=\"700\" height=\"393\" srcset=\"https:\/\/www.futurenergy.ch\/wp-content\/uploads\/2016\/03\/003-1.jpg 700w, https:\/\/www.futurenergy.ch\/wp-content\/uploads\/2016\/03\/003-1-300x168.jpg 300w\" sizes=\"(max-width: 700px) 100vw, 700px\" \/><\/a><br \/>\n[\/et_pb_blurb][\/et_pb_column][et_pb_column type=\u00a0\u00bb1_3&Prime; _builder_version=\u00a0\u00bb4.16&Prime; custom_padding=\u00a0\u00bb|||\u00a0\u00bb global_colors_info=\u00a0\u00bb{}\u00a0\u00bb custom_padding__hover=\u00a0\u00bb|||\u00a0\u00bb][et_pb_blurb title=\u00a0\u00bbBiogas Power\u00a0\u00bb url=\u00a0\u00bbhttp:\/\/www.futurenergy.ch\/biogas-power\/\u00a0\u00bb image_icon_width=\u00a0\u00bbnone\u00a0\u00bb admin_label=\u00a0\u00bbBiogas Power\u00a0\u00bb _builder_version=\u00a0\u00bb4.16&Prime; header_font=\u00a0\u00bb|on|||\u00a0\u00bb header_text_color=\u00a0\u00bb#00e503&Prime; header_line_height=\u00a0\u00bb2em\u00a0\u00bb background_size=\u00a0\u00bbinitial\u00a0\u00bb background_position=\u00a0\u00bbtop_left\u00a0\u00bb background_repeat=\u00a0\u00bbrepeat\u00a0\u00bb header_line_height_tablet=\u00a0\u00bb\u00a0\u00bb header_line_height_phone=\u00a0\u00bb\u00a0\u00bb header_line_height_last_edited=\u00a0\u00bbon|phone\u00a0\u00bb use_border_color=\u00a0\u00bboff\u00a0\u00bb border_color=\u00a0\u00bb#ffffff\u00a0\u00bb border_style=\u00a0\u00bbsolid\u00a0\u00bb image_max_width=\u00a0\u00bbnone\u00a0\u00bb use_circle=\u00a0\u00bboff\u00a0\u00bb use_circle_border=\u00a0\u00bboff\u00a0\u00bb circle_border_color=\u00a0\u00bb#7EBEC5&Prime; circle_color=\u00a0\u00bb#7EBEC5&Prime; global_colors_info=\u00a0\u00bb{}\u00a0\u00bb]<a href=\"https:\/\/www.futurenergy.ch\/?page_id=103\" rel=\"attachment wp-att-80\"><img loading=\"lazy\" decoding=\"async\" class=\"alignnone size-full wp-image-80\" src=\"http:\/\/www.futurenergy.ch\/wp-content\/uploads\/2016\/03\/001-1.jpg\" alt=\"001\" width=\"700\" height=\"393\" srcset=\"https:\/\/www.futurenergy.ch\/wp-content\/uploads\/2016\/03\/001-1.jpg 700w, https:\/\/www.futurenergy.ch\/wp-content\/uploads\/2016\/03\/001-1-300x168.jpg 300w\" sizes=\"(max-width: 700px) 100vw, 700px\" \/><\/a><br \/>\n[\/et_pb_blurb][\/et_pb_column][et_pb_column type=\u00a0\u00bb1_3&Prime; _builder_version=\u00a0\u00bb4.16&Prime; custom_padding=\u00a0\u00bb|||\u00a0\u00bb global_colors_info=\u00a0\u00bb{}\u00a0\u00bb custom_padding__hover=\u00a0\u00bb|||\u00a0\u00bb][et_pb_blurb title=\u00a0\u00bbWind Power\u00a0\u00bb url=\u00a0\u00bbhttp:\/\/www.futurenergy.ch\/wind-power\/\u00a0\u00bb image_icon_width=\u00a0\u00bbnone\u00a0\u00bb admin_label=\u00a0\u00bbWind Power\u00a0\u00bb _builder_version=\u00a0\u00bb4.16&Prime; header_font=\u00a0\u00bb|on|||\u00a0\u00bb header_text_color=\u00a0\u00bb#009eed\u00a0\u00bb header_line_height=\u00a0\u00bb2em\u00a0\u00bb background_size=\u00a0\u00bbinitial\u00a0\u00bb background_position=\u00a0\u00bbtop_left\u00a0\u00bb background_repeat=\u00a0\u00bbrepeat\u00a0\u00bb header_line_height_tablet=\u00a0\u00bb\u00a0\u00bb header_line_height_phone=\u00a0\u00bb\u00a0\u00bb header_line_height_last_edited=\u00a0\u00bbon|desktop\u00a0\u00bb use_border_color=\u00a0\u00bboff\u00a0\u00bb border_color=\u00a0\u00bb#ffffff\u00a0\u00bb border_style=\u00a0\u00bbsolid\u00a0\u00bb image_max_width=\u00a0\u00bbnone\u00a0\u00bb use_circle=\u00a0\u00bboff\u00a0\u00bb use_circle_border=\u00a0\u00bboff\u00a0\u00bb circle_border_color=\u00a0\u00bb#7EBEC5&Prime; circle_color=\u00a0\u00bb#7EBEC5&Prime; global_colors_info=\u00a0\u00bb{}\u00a0\u00bb]<a href=\"https:\/\/www.futurenergy.ch\/?page_id=105\" rel=\"attachment wp-att-81\"><img loading=\"lazy\" decoding=\"async\" class=\"alignnone size-full wp-image-81\" src=\"http:\/\/www.futurenergy.ch\/wp-content\/uploads\/2016\/03\/002-1.jpg\" alt=\"002\" width=\"700\" height=\"393\" srcset=\"https:\/\/www.futurenergy.ch\/wp-content\/uploads\/2016\/03\/002-1.jpg 700w, https:\/\/www.futurenergy.ch\/wp-content\/uploads\/2016\/03\/002-1-300x168.jpg 300w\" sizes=\"(max-width: 700px) 100vw, 700px\" \/><\/a><br \/>\n[\/et_pb_blurb][\/et_pb_column][\/et_pb_row][\/et_pb_section][et_pb_section fb_built=\u00a0\u00bb1&Prime; admin_label=\u00a0\u00bbSektion\u00a0\u00bb _builder_version=\u00a0\u00bb4.27.0&Prime; background_color=\u00a0\u00bb#f7f7f7&Prime; custom_padding=\u00a0\u00bb0px|||\u00a0\u00bb custom_padding_tablet=\u00a0\u00bb0px|||\u00a0\u00bb transparent_background=\u00a0\u00bboff\u00a0\u00bb padding_mobile=\u00a0\u00bbon\u00a0\u00bb make_fullwidth=\u00a0\u00bboff\u00a0\u00bb use_custom_width=\u00a0\u00bboff\u00a0\u00bb width_unit=\u00a0\u00bbon\u00a0\u00bb global_colors_info=\u00a0\u00bb{}\u00a0\u00bb][et_pb_row admin_label=\u00a0\u00bbZeile\u00a0\u00bb _builder_version=\u00a0\u00bb4.25.1&Prime; background_size=\u00a0\u00bbinitial\u00a0\u00bb background_position=\u00a0\u00bbtop_left\u00a0\u00bb background_repeat=\u00a0\u00bbrepeat\u00a0\u00bb custom_padding=\u00a0\u00bb||7px|||\u00a0\u00bb global_colors_info=\u00a0\u00bb{}\u00a0\u00bb][et_pb_column type=\u00a0\u00bb4_4&Prime; _builder_version=\u00a0\u00bb4.16&Prime; custom_padding=\u00a0\u00bb|||\u00a0\u00bb global_colors_info=\u00a0\u00bb{}\u00a0\u00bb custom_padding__hover=\u00a0\u00bb|||\u00a0\u00bb][et_pb_text _builder_version=\u00a0\u00bb4.25.1&Prime; _module_preset=\u00a0\u00bbdefault\u00a0\u00bb custom_padding=\u00a0\u00bb22px|||||\u00a0\u00bb global_colors_info=\u00a0\u00bb{}\u00a0\u00bb]<\/p>\n<p style=\"text-align: center;\"><span style=\"font-size: xx-large; color: #e09900;\"><strong>welcome to next generation solar, wind and storage farms\u00a0<\/strong><\/span><\/p>\n<p style=\"text-align: center;\"><span style=\"font-size: xx-large; color: #e09900;\"><strong>(website content currently updating)<\/strong><\/span><\/p>\n<p style=\"text-align: center;\">L&rsquo;\u00e9nergie solaire est l\u2019\u00e9nergie renouvelable par excellence, diffus\u00e9e sous forme de rayonnement \u00e9lectromagn\u00e9tique par le Soleil et nous parvenant \u00e0 travers l\u2019atmosph\u00e8re, avant d\u2019\u00eatre absorber \u00e0 la surface de la Terre. L\u2019\u00e9nergie solaire est \u00e0 l&rsquo;origine du cycle de l&rsquo;eau, du vent et de la photosynth\u00e8se dont d\u00e9pend le r\u00e8gne v\u00e9g\u00e9tal, ainsi que le r\u00e8gne animal et celui de l\u2019Humanit\u00e9.<\/p>\n<p style=\"text-align: center;\">Les sources d&rsquo;\u00e9nergie renouvelable issues indirectement de l&rsquo;\u00e9nergie solaire sont notamment :<\/p>\n<p style=\"text-align: center;\">-l&rsquo;\u00e9nergie hydraulique, d\u00e9riv\u00e9e de l&rsquo;\u00e9nergie cin\u00e9tique de l&rsquo;eau dont le cycle d\u00e9pend du Soleil ;<\/p>\n<p style=\"text-align: center;\">-l&rsquo;\u00e9nergie \u00e9olienne, provenant de l&rsquo;\u00e9nergie cin\u00e9tique du vent li\u00e9 \u00e0 l&rsquo;\u00e9chauffement et \u00e0 l&rsquo;\u00e9vaporation de l&rsquo;eau, g\u00e9n\u00e9r\u00e9s par le Soleil\u00a0;<\/p>\n<p style=\"text-align: center;\">-l&rsquo;\u00e9nergie de la biomasse sous forme organique et ligneuse ainsi que la g\u00e9othermie de basse temp\u00e9rature, provenant des couches superficielles du sol r\u00e9chauff\u00e9es par le Soleil.<\/p>\n<p style=\"text-align: center;\">La technique de production d\u2019\u00e9nergie renouvelable la plus simple, mais aussi la plus directe et efficace consiste par cons\u00e9quente, \u00e0 capter l\u2019\u00e9nergie issu du rayonnement \u00e9lectromagn\u00e9tique du Soleil, pouvant \u00eatre subdivis\u00e9 en 2 technologies distinctes\u00a0:<\/p>\n<p style=\"text-align: center;\">&#8211; Le solaire thermique permettant d\u2019emmagasiner l\u2019\u00e9nergie calorifique issue du rayonnement \u00e9lectromagn\u00e9tique pour p.ex. la pr\u00e9paration d&rsquo;eau chaude sanitaire, d\u2019appoint de chauffage ou de processus industriels\u00a0;<\/p>\n<p style=\"text-align: center;\">-La technologie photovolta\u00efque permettant de convertir le rayonnement \u00e9lectromagn\u00e9tique en \u00e9nergie \u00e9lectrique pour p.ex. les besoins domestiques primaires, l\u2019alimentation de v\u00e9hicule \u00e9lectrique et de pompe \u00e0 chaleur.<\/p>\n<p style=\"text-align: center;\">L&rsquo;\u00e9nergie solaire est \u00e0 ce titre une \u00e9nergie renouvelable et in\u00e9puisable \u00e0 l\u2019\u00e9chelle de l\u2019Humanit\u00e9, dont l\u2019emmagasinement calorifique et la conversion \u00e9lectrique, combin\u00e9 \u00e0 d\u2019autres sources d\u2019\u00e9nergie selon les besoins, permettent \u00e0 chacun de devenir producteur-consommateur (prosumer), en augmentant son autarcie \u00e9nerg\u00e9tique, diminuant son empreinte \u00e9cologique et optimisant son propre bilan carbonique (CO2).<\/p>\n<p>[\/et_pb_text][\/et_pb_column][\/et_pb_row][\/et_pb_section]<\/p>\n","protected":false},"excerpt":{"rendered":"<p>welcome to next generation solar, wind and storage farms\u00a0 (website content currently updating) L&rsquo;\u00e9nergie solaire est l\u2019\u00e9nergie renouvelable par excellence, diffus\u00e9e sous forme de rayonnement \u00e9lectromagn\u00e9tique par le Soleil et nous parvenant \u00e0 travers l\u2019atmosph\u00e8re, avant d\u2019\u00eatre absorber \u00e0 la surface de la Terre. L\u2019\u00e9nergie solaire est \u00e0 l&rsquo;origine du cycle de l&rsquo;eau, du vent [&hellip;]<\/p>\n","protected":false},"author":4,"featured_media":0,"parent":0,"menu_order":0,"comment_status":"closed","ping_status":"closed","template":"","meta":{"_et_pb_use_builder":"on","_et_pb_old_content":"","_et_gb_content_width":"","footnotes":""},"class_list":["post-86","page","type-page","status-publish","hentry"],"_links":{"self":[{"href":"https:\/\/www.futurenergy.ch\/fr\/wp-json\/wp\/v2\/pages\/86","targetHints":{"allow":["GET"]}}],"collection":[{"href":"https:\/\/www.futurenergy.ch\/fr\/wp-json\/wp\/v2\/pages"}],"about":[{"href":"https:\/\/www.futurenergy.ch\/fr\/wp-json\/wp\/v2\/types\/page"}],"author":[{"embeddable":true,"href":"https:\/\/www.futurenergy.ch\/fr\/wp-json\/wp\/v2\/users\/4"}],"replies":[{"embeddable":true,"href":"https:\/\/www.futurenergy.ch\/fr\/wp-json\/wp\/v2\/comments?post=86"}],"version-history":[{"count":38,"href":"https:\/\/www.futurenergy.ch\/fr\/wp-json\/wp\/v2\/pages\/86\/revisions"}],"predecessor-version":[{"id":14074,"href":"https:\/\/www.futurenergy.ch\/fr\/wp-json\/wp\/v2\/pages\/86\/revisions\/14074"}],"wp:attachment":[{"href":"https:\/\/www.futurenergy.ch\/fr\/wp-json\/wp\/v2\/media?parent=86"}],"curies":[{"name":"wp","href":"https:\/\/api.w.org\/{rel}","templated":true}]}}