{"id":3212,"date":"2016-04-05T20:54:06","date_gmt":"2016-04-05T20:54:06","guid":{"rendered":"http:\/\/www.futurenergy.ch\/?page_id=3212&#038;lang=fr"},"modified":"2024-05-22T08:43:48","modified_gmt":"2024-05-22T08:43:48","slug":"e-mobilite","status":"publish","type":"page","link":"https:\/\/www.futurenergy.ch\/fr\/e-mobilite\/","title":{"rendered":"E-Mobilit\u00e9"},"content":{"rendered":"<p>[et_pb_section fb_built=\u00a0\u00bb1&Prime; custom_padding_last_edited=\u00a0\u00bbon|phone\u00a0\u00bb admin_label=\u00a0\u00bbsection\u00a0\u00bb module_class=\u00a0\u00bbemobility\u00a0\u00bb _builder_version=\u00a0\u00bb4.16&Prime; custom_padding=\u00a0\u00bb15px|||\u00a0\u00bb custom_padding_tablet=\u00a0\u00bb50px|0|50px|0&Prime; custom_padding_phone=\u00a0\u00bb5px|||\u00a0\u00bb transparent_background=\u00a0\u00bboff\u00a0\u00bb padding_mobile=\u00a0\u00bboff\u00a0\u00bb make_fullwidth=\u00a0\u00bboff\u00a0\u00bb use_custom_width=\u00a0\u00bboff\u00a0\u00bb width_unit=\u00a0\u00bbon\u00a0\u00bb global_colors_info=\u00a0\u00bb{}\u00a0\u00bb][et_pb_row padding_mobile=\u00a0\u00bboff\u00a0\u00bb column_padding_mobile=\u00a0\u00bbon\u00a0\u00bb custom_padding_last_edited=\u00a0\u00bbon|phone\u00a0\u00bb admin_label=\u00a0\u00bbrow\u00a0\u00bb _builder_version=\u00a0\u00bb4.16&Prime; background_size=\u00a0\u00bbinitial\u00a0\u00bb background_position=\u00a0\u00bbtop_left\u00a0\u00bb background_repeat=\u00a0\u00bbrepeat\u00a0\u00bb custom_padding=\u00a0\u00bb5px||5px|\u00a0\u00bb custom_padding_tablet=\u00a0\u00bb\u00a0\u00bb custom_padding_phone=\u00a0\u00bb5px||0px|\u00a0\u00bb make_fullwidth=\u00a0\u00bboff\u00a0\u00bb use_custom_width=\u00a0\u00bboff\u00a0\u00bb width_unit=\u00a0\u00bbon\u00a0\u00bb global_colors_info=\u00a0\u00bb{}\u00a0\u00bb][et_pb_column type=\u00a0\u00bb4_4&Prime; _builder_version=\u00a0\u00bb4.16&Prime; custom_padding=\u00a0\u00bb|||\u00a0\u00bb global_colors_info=\u00a0\u00bb{}\u00a0\u00bb custom_padding__hover=\u00a0\u00bb|||\u00a0\u00bb][et_pb_text admin_label=\u00a0\u00bbTitel E-Mobilit\u00e0\u00a0\u00bb _builder_version=\u00a0\u00bb4.16&Prime; text_font=\u00a0\u00bb|on|||\u00a0\u00bb text_text_color=\u00a0\u00bb#ffa200&Prime; text_font_size=\u00a0\u00bb28&Prime; background_size=\u00a0\u00bbinitial\u00a0\u00bb background_position=\u00a0\u00bbtop_left\u00a0\u00bb background_repeat=\u00a0\u00bbrepeat\u00a0\u00bb custom_padding=\u00a0\u00bb5px|||\u00a0\u00bb text_font_size_tablet=\u00a0\u00bb\u00a0\u00bb text_font_size_phone=\u00a0\u00bb22&Prime; text_font_size_last_edited=\u00a0\u00bbon|phone\u00a0\u00bb use_border_color=\u00a0\u00bboff\u00a0\u00bb border_color=\u00a0\u00bb#ffffff\u00a0\u00bb border_style=\u00a0\u00bbsolid\u00a0\u00bb global_colors_info=\u00a0\u00bb{}\u00a0\u00bb]<span lang=\"DE-CH\">E-Mobilit\u00e9<\/span><br \/>\n[\/et_pb_text][\/et_pb_column][\/et_pb_row][et_pb_row column_structure=\u00a0\u00bb1_2,1_2&Prime; padding_mobile=\u00a0\u00bboff\u00a0\u00bb column_padding_mobile=\u00a0\u00bbon\u00a0\u00bb custom_padding_last_edited=\u00a0\u00bbon|phone\u00a0\u00bb admin_label=\u00a0\u00bbZeile\u00a0\u00bb _builder_version=\u00a0\u00bb4.16&Prime; background_size=\u00a0\u00bbinitial\u00a0\u00bb background_position=\u00a0\u00bbtop_left\u00a0\u00bb background_repeat=\u00a0\u00bbrepeat\u00a0\u00bb custom_padding_tablet=\u00a0\u00bb\u00a0\u00bb custom_padding_phone=\u00a0\u00bb\u00a0\u00bb make_fullwidth=\u00a0\u00bboff\u00a0\u00bb use_custom_width=\u00a0\u00bboff\u00a0\u00bb width_unit=\u00a0\u00bbon\u00a0\u00bb global_colors_info=\u00a0\u00bb{}\u00a0\u00bb][et_pb_column type=\u00a0\u00bb1_2&Prime; _builder_version=\u00a0\u00bb4.16&Prime; custom_padding=\u00a0\u00bb|||\u00a0\u00bb global_colors_info=\u00a0\u00bb{}\u00a0\u00bb custom_padding__hover=\u00a0\u00bb|||\u00a0\u00bb][et_pb_text admin_label=\u00a0\u00bbText\u00a0\u00bb _builder_version=\u00a0\u00bb4.16&Prime; background_size=\u00a0\u00bbinitial\u00a0\u00bb background_position=\u00a0\u00bbtop_left\u00a0\u00bb background_repeat=\u00a0\u00bbrepeat\u00a0\u00bb custom_padding=\u00a0\u00bb||0px|||\u00a0\u00bb use_border_color=\u00a0\u00bboff\u00a0\u00bb border_color=\u00a0\u00bb#ffffff\u00a0\u00bb border_style=\u00a0\u00bbsolid\u00a0\u00bb global_colors_info=\u00a0\u00bb{}\u00a0\u00bb]<\/p>\n<p>V\u00e9hicules priv\u00e9s &amp; professionnels<\/p>\n<p><strong>La mission de Tesla est d\u2019acc\u00e9l\u00e9rer la transition plan\u00e9taire vers l\u2019\u00e9nergie durable.<\/strong><\/p>\n<p>Tesla a \u00e9t\u00e9 fond\u00e9e en 2003 par un groupe d&rsquo;ing\u00e9nieurs ayant voulu prouver que les consommateurs ne devait pas faire de compromis pour conduire \u00e0 l&rsquo;\u00e9lectricit\u00e9 &#8211; que les v\u00e9hicules \u00e9lectriques peuvent \u00eatre meilleurs, plus rapides et amusants \u00e0 conduire que ceux \u00e0 essence. Aujourd&rsquo;hui, Tesla construit non seulement des v\u00e9hicules enti\u00e8rement \u00e9lectriques, mais \u00e9galement des produits infiniment \u00e9volutifs pour la production et le stockage d&rsquo;\u00e9nergie propre. Tesla croit que plus vite la soci\u00e9t\u00e9 s\u2019\u00e9mancipera des combustibles fossiles et se meut vers un avenir sans \u00e9missions, meilleur sera le futur.<\/p>\n<p><strong>Fendt e100 Vario: le tracteur compact \u00e0 batterie<\/strong><\/p>\n<p>AGCO \/ Fendt s&rsquo;est fait un nom dans l&rsquo;\u00e9lectrification de l&rsquo;agriculture. Depuis de nombreuses ann\u00e9es, Fendt d\u00e9veloppe des solutions pratiques pour une utilisation efficace des syst\u00e8mes de propulsion \u00e9lectrique. Le Fendt e100 Vario devient d\u00e9sormais le premier tracteur pratique aliment\u00e9 par batterie qui peut \u00eatre utilis\u00e9 en fonctionnement normal pendant une journ\u00e9e de travail compl\u00e8te sans avoir besoin de le recharger.<\/p>\n<p><strong>Le plus grand camion \u00e9lectrique du monde d\u00e9velopp\u00e9 en Suisse<\/strong><\/p>\n<p>Le plus grand v\u00e9hicule \u00e9lectrique du monde avec un poids \u00e0 vide de 58 tonnes, une charge utile de 65 tonnes a \u00e9t\u00e9 baptis\u00e9 comme \u00ab\u00a0Lynx\u00a0\u00bb en pr\u00e9sence de nombreux repr\u00e9sentants de l\u2019\u00e9conomie et de la politique et travaille dans la carri\u00e8re de Vigier Ciment. L&rsquo;eDumper est le v\u00e9hicule \u00e9lectrique \u00e0 roues aliment\u00e9 par batterie le plus grand et le plus puissant au monde et jamais auparavant un v\u00e9hicule comparable n&rsquo;avait pu \u00e9conomiser une aussi grande quantit\u00e9 de CO2. Selon des calculs pr\u00e9liminaires, le v\u00e9hicule \u00e9conomisera jusqu&rsquo;\u00e0 1 300 tonnes de CO2 et 500 000 litres de diesel au cours des 10 prochaines ann\u00e9es. Le projet est soutenu par l&rsquo;Office f\u00e9d\u00e9ral de l&rsquo;\u00e9nergie (OFEN).<\/p>\n<p>[\/et_pb_text][et_pb_text admin_label=\u00a0\u00bbTesla\u00a0\u00bb _builder_version=\u00a0\u00bb4.16&Prime; text_font=\u00a0\u00bb|on|||\u00a0\u00bb text_text_color=\u00a0\u00bb#ffa200&Prime; text_font_size=\u00a0\u00bb18&Prime; background_size=\u00a0\u00bbinitial\u00a0\u00bb background_position=\u00a0\u00bbtop_left\u00a0\u00bb background_repeat=\u00a0\u00bbrepeat\u00a0\u00bb custom_margin=\u00a0\u00bb||10px|\u00a0\u00bb use_border_color=\u00a0\u00bboff\u00a0\u00bb border_color=\u00a0\u00bb#ffffff\u00a0\u00bb border_style=\u00a0\u00bbsolid\u00a0\u00bb global_colors_info=\u00a0\u00bb{}\u00a0\u00bb]<span lang=\"DE-CH\"><a href=\"http:\/\/www.futurenergy.ch\/wp-content\/uploads\/2016\/04\/Tesla_Model_S.jpeg\" rel=\"attachment wp-att-3210\"><img loading=\"lazy\" decoding=\"async\" class=\"alignnone wp-image-3210\" src=\"http:\/\/www.futurenergy.ch\/wp-content\/uploads\/2016\/04\/Tesla_Model_S.jpeg\" alt=\"Tesla_Model_S\" width=\"633\" height=\"343\" srcset=\"https:\/\/www.futurenergy.ch\/wp-content\/uploads\/2016\/04\/Tesla_Model_S.jpeg 2980w, https:\/\/www.futurenergy.ch\/wp-content\/uploads\/2016\/04\/Tesla_Model_S-300x162.jpeg 300w, https:\/\/www.futurenergy.ch\/wp-content\/uploads\/2016\/04\/Tesla_Model_S-768x416.jpeg 768w, https:\/\/www.futurenergy.ch\/wp-content\/uploads\/2016\/04\/Tesla_Model_S-1024x555.jpeg 1024w, https:\/\/www.futurenergy.ch\/wp-content\/uploads\/2016\/04\/Tesla_Model_S-1080x585.jpeg 1080w\" sizes=\"(max-width: 633px) 100vw, 633px\" \/><\/a><\/span><br \/>\n[\/et_pb_text][\/et_pb_column][et_pb_column type=\u00a0\u00bb1_2&Prime; _builder_version=\u00a0\u00bb4.16&Prime; custom_padding=\u00a0\u00bb|||\u00a0\u00bb global_colors_info=\u00a0\u00bb{}\u00a0\u00bb custom_padding__hover=\u00a0\u00bb|||\u00a0\u00bb][\/et_pb_column][\/et_pb_row][et_pb_row admin_label=\u00a0\u00bbZeile\u00a0\u00bb _builder_version=\u00a0\u00bb4.16&Prime; background_size=\u00a0\u00bbinitial\u00a0\u00bb background_position=\u00a0\u00bbtop_left\u00a0\u00bb background_repeat=\u00a0\u00bbrepeat\u00a0\u00bb global_colors_info=\u00a0\u00bb{}\u00a0\u00bb][et_pb_column type=\u00a0\u00bb4_4&Prime; _builder_version=\u00a0\u00bb4.16&Prime; custom_padding=\u00a0\u00bb|||\u00a0\u00bb global_colors_info=\u00a0\u00bb{}\u00a0\u00bb custom_padding__hover=\u00a0\u00bb|||\u00a0\u00bb][et_pb_text admin_label=\u00a0\u00bbOther products available on request\u00a0\u00bb _builder_version=\u00a0\u00bb4.25.1&Prime; background_size=\u00a0\u00bbinitial\u00a0\u00bb background_position=\u00a0\u00bbtop_left\u00a0\u00bb background_repeat=\u00a0\u00bbrepeat\u00a0\u00bb use_border_color=\u00a0\u00bboff\u00a0\u00bb border_color=\u00a0\u00bb#ffffff\u00a0\u00bb border_style=\u00a0\u00bbsolid\u00a0\u00bb global_colors_info=\u00a0\u00bb{}\u00a0\u00bb]<\/p>\n<p>Divers produits disponibles sur demande.<\/p>\n<p>[\/et_pb_text][\/et_pb_column][\/et_pb_row][\/et_pb_section]<\/p>\n","protected":false},"excerpt":{"rendered":"<p>E-Mobilit\u00e9 V\u00e9hicules priv\u00e9s &amp; professionnels La mission de Tesla est d\u2019acc\u00e9l\u00e9rer la transition plan\u00e9taire vers l\u2019\u00e9nergie durable. Tesla a \u00e9t\u00e9 fond\u00e9e en 2003 par un groupe d&rsquo;ing\u00e9nieurs ayant voulu prouver que les consommateurs ne devait pas faire de compromis pour conduire \u00e0 l&rsquo;\u00e9lectricit\u00e9 &#8211; que les v\u00e9hicules \u00e9lectriques peuvent \u00eatre meilleurs, plus rapides et amusants [&hellip;]<\/p>\n","protected":false},"author":4,"featured_media":0,"parent":0,"menu_order":0,"comment_status":"closed","ping_status":"closed","template":"","meta":{"_et_pb_use_builder":"on","_et_pb_old_content":"","_et_gb_content_width":"","footnotes":""},"class_list":["post-3212","page","type-page","status-publish","hentry"],"_links":{"self":[{"href":"https:\/\/www.futurenergy.ch\/fr\/wp-json\/wp\/v2\/pages\/3212","targetHints":{"allow":["GET"]}}],"collection":[{"href":"https:\/\/www.futurenergy.ch\/fr\/wp-json\/wp\/v2\/pages"}],"about":[{"href":"https:\/\/www.futurenergy.ch\/fr\/wp-json\/wp\/v2\/types\/page"}],"author":[{"embeddable":true,"href":"https:\/\/www.futurenergy.ch\/fr\/wp-json\/wp\/v2\/users\/4"}],"replies":[{"embeddable":true,"href":"https:\/\/www.futurenergy.ch\/fr\/wp-json\/wp\/v2\/comments?post=3212"}],"version-history":[{"count":8,"href":"https:\/\/www.futurenergy.ch\/fr\/wp-json\/wp\/v2\/pages\/3212\/revisions"}],"predecessor-version":[{"id":13198,"href":"https:\/\/www.futurenergy.ch\/fr\/wp-json\/wp\/v2\/pages\/3212\/revisions\/13198"}],"wp:attachment":[{"href":"https:\/\/www.futurenergy.ch\/fr\/wp-json\/wp\/v2\/media?parent=3212"}],"curies":[{"name":"wp","href":"https:\/\/api.w.org\/{rel}","templated":true}]}}