{"id":2317,"date":"2016-03-12T23:16:07","date_gmt":"2016-03-12T23:16:07","guid":{"rendered":"http:\/\/www.futurenergy.ch\/?page_id=2317&#038;lang=fr"},"modified":"2024-05-22T09:41:24","modified_gmt":"2024-05-22T09:41:24","slug":"habitation-brot-plamboz-ne","status":"publish","type":"page","link":"https:\/\/www.futurenergy.ch\/fr\/habitation-brot-plamboz-ne\/","title":{"rendered":"Habitation &#8211; Brot-Plamboz &#8211; NE &#8211; 2013"},"content":{"rendered":"<p>[et_pb_section fb_built=\u00a0\u00bb1&Prime; custom_padding_last_edited=\u00a0\u00bbon|desktop\u00a0\u00bb admin_label=\u00a0\u00bbsection\u00a0\u00bb _builder_version=\u00a0\u00bb4.16&Prime; custom_padding=\u00a0\u00bb15px|||\u00a0\u00bb custom_padding_tablet=\u00a0\u00bb50px|0|50px|0&Prime; transparent_background=\u00a0\u00bboff\u00a0\u00bb padding_mobile=\u00a0\u00bboff\u00a0\u00bb make_fullwidth=\u00a0\u00bboff\u00a0\u00bb use_custom_width=\u00a0\u00bboff\u00a0\u00bb width_unit=\u00a0\u00bbon\u00a0\u00bb global_colors_info=\u00a0\u00bb{}\u00a0\u00bb custom_padding_phone=\u00a0\u00bb50px|0|50px|0&Prime;][et_pb_row padding_mobile=\u00a0\u00bboff\u00a0\u00bb column_padding_mobile=\u00a0\u00bbon\u00a0\u00bb admin_label=\u00a0\u00bbrow\u00a0\u00bb _builder_version=\u00a0\u00bb4.16&Prime; background_size=\u00a0\u00bbinitial\u00a0\u00bb background_position=\u00a0\u00bbtop_left\u00a0\u00bb background_repeat=\u00a0\u00bbrepeat\u00a0\u00bb custom_padding=\u00a0\u00bb15px|||\u00a0\u00bb make_fullwidth=\u00a0\u00bboff\u00a0\u00bb use_custom_width=\u00a0\u00bboff\u00a0\u00bb width_unit=\u00a0\u00bbon\u00a0\u00bb global_colors_info=\u00a0\u00bb{}\u00a0\u00bb column_structure=\u00a0\u00bb1_3,2_3&Prime;][et_pb_column type=\u00a0\u00bb1_3&Prime; _builder_version=\u00a0\u00bb4.16&Prime; custom_padding=\u00a0\u00bb|||\u00a0\u00bb global_colors_info=\u00a0\u00bb{}\u00a0\u00bb custom_padding__hover=\u00a0\u00bb|||\u00a0\u00bb][et_pb_divider show_divider=\u00a0\u00bboff\u00a0\u00bb disabled_on=\u00a0\u00bbon|on|off\u00a0\u00bb admin_label=\u00a0\u00bbTeiler\u00a0\u00bb _builder_version=\u00a0\u00bb4.16&Prime; height=\u00a0\u00bb9px\u00a0\u00bb hide_on_mobile=\u00a0\u00bbon\u00a0\u00bb global_colors_info=\u00a0\u00bb{}\u00a0\u00bb][\/et_pb_divider][et_pb_text admin_label=\u00a0\u00bbText\u00a0\u00bb _builder_version=\u00a0\u00bb4.16&Prime; text_text_color=\u00a0\u00bb#ffa200&Prime; text_font_size=\u00a0\u00bb12&Prime; background_size=\u00a0\u00bbinitial\u00a0\u00bb background_position=\u00a0\u00bbtop_left\u00a0\u00bb background_repeat=\u00a0\u00bbrepeat\u00a0\u00bb use_border_color=\u00a0\u00bboff\u00a0\u00bb border_color=\u00a0\u00bb#ffffff\u00a0\u00bb border_style=\u00a0\u00bbsolid\u00a0\u00bb global_colors_info=\u00a0\u00bb{}\u00a0\u00bb]<\/p>\n<h4><span style=\"color: #ff9900;\">Plusieurs projets solaires en phase de planification et nouvelles installations de r\u00e9f\u00e9rences disponibles bient\u00f4t aussi sur notre site web&#8230;<\/span><\/h4>\n<p>&nbsp;<\/p>\n<ul>\n<li><a href=\"https:\/\/www.futurenergy.ch\/de\/eigenheim-zuerich-zh\/\"> Habitation &#8211; Z\u00fcrich &#8211; ZH<\/a><\/li>\n<li><a href=\"https:\/\/www.futurenergy.ch\/de\/eigenheim-chardonne-vd\/\">Habitation &#8211; Chardonne &#8211; VD<\/a><\/li>\n<li><a href=\"https:\/\/www.futurenergy.ch\/de\/eigenheim-minusio-ti\/\">Habitation &#8211; Minusio &#8211; TI<\/a><\/li>\n<li><a href=\"https:\/\/www.futurenergy.ch\/de\/eigenheim-blonay-vd\/\">Habitation &#8211; Blonay &#8211; VD<\/a><\/li>\n<li><a href=\"\/?page_id=5313\">Habitation &#8211; Schongau &#8211; LU<\/a><\/li>\n<li><a href=\"https:\/\/www.futurenergy.ch\/de\/eigenheim-mollie-margot-vd\/\">Habitation &#8211; Mollie-Margot &#8211; VD<\/a><\/li>\n<li><a href=\"https:\/\/www.futurenergy.ch\/fr\/habitation-puidoux-vd-2015\/\">Habitation &#8211; Puidoux &#8211; VD<\/a><\/li>\n<li><a href=\"https:\/\/www.futurenergy.ch\/fr\/habitation-chexbres-vd\/\">Habitation &#8211; Chexbres &#8211; VD<\/a><\/li>\n<li><a href=\"\/?page_id=2324\">Habitation &#8211; Puidoux &#8211; VD<\/a><\/li>\n<li><a href=\"https:\/\/www.futurenergy.ch\/fr\/habitation-la-croixlutry-vd\/\">Habitation &#8211; La Croix\/Lutry &#8211; VD<\/a><\/li>\n<li><a href=\"https:\/\/www.futurenergy.ch\/fr\/habitation-brot-plamboz-ne\/\">Habitation &#8211; Brot-Plamboz &#8211; NE<\/a><\/li>\n<li><a href=\"\/?page_id=2483\">Habitation &#8211; Les Thioleyres &#8211; VD<\/a><\/li>\n<li><a href=\"\/?page_id=2303\">Habitation &#8211; Pal\u00e9zieux &#8211; VD<\/a><\/li>\n<li><a href=\"https:\/\/www.futurenergy.ch\/fr\/habitation-jouxtens-vd\/\">Habitation &#8211; Jouxtens &#8211; VD<\/a><\/li>\n<\/ul>\n<p>[\/et_pb_text][\/et_pb_column][et_pb_column type=\u00a0\u00bb2_3&Prime; _builder_version=\u00a0\u00bb4.16&Prime; custom_padding=\u00a0\u00bb|||\u00a0\u00bb global_colors_info=\u00a0\u00bb{}\u00a0\u00bb custom_padding__hover=\u00a0\u00bb|||\u00a0\u00bb][et_pb_text admin_label=\u00a0\u00bbText Titel Famille Perritaz &#8211; Brot-Plamboz &#8211; NE \u00a0\u00bb _builder_version=\u00a0\u00bb4.25.1&Prime; text_text_color=\u00a0\u00bb#ffa200&Prime; text_font_size=\u00a0\u00bb28&Prime; background_size=\u00a0\u00bbinitial\u00a0\u00bb background_position=\u00a0\u00bbtop_left\u00a0\u00bb background_repeat=\u00a0\u00bbrepeat\u00a0\u00bb hover_enabled=\u00a0\u00bb0&Prime; use_border_color=\u00a0\u00bboff\u00a0\u00bb border_color=\u00a0\u00bb#ffffff\u00a0\u00bb border_style=\u00a0\u00bbsolid\u00a0\u00bb global_colors_info=\u00a0\u00bb{}\u00a0\u00bb sticky_enabled=\u00a0\u00bb0&Prime;]<\/p>\n<p>Habitation &#8211; Brot-Plamboz &#8211; NE &#8211; 2013<\/p>\n<p>[\/et_pb_text][et_pb_gallery gallery_ids=\u00a0\u00bb4818&Prime; posts_number=\u00a0\u00bb3&Prime; show_title_and_caption=\u00a0\u00bboff\u00a0\u00bb show_pagination=\u00a0\u00bboff\u00a0\u00bb admin_label=\u00a0\u00bbGalerie Famille Perritaz &#8211; Brot-Plamboz &#8211; NE \u00a0\u00bb _builder_version=\u00a0\u00bb4.16&Prime; border_width_all=\u00a0\u00bb1px\u00a0\u00bb border_color_all=\u00a0\u00bb#ffffff\u00a0\u00bb border_style_all=\u00a0\u00bbsolid\u00a0\u00bb use_border_color=\u00a0\u00bbon\u00a0\u00bb border_color=\u00a0\u00bb#ffffff\u00a0\u00bb border_style=\u00a0\u00bbsolid\u00a0\u00bb global_colors_info=\u00a0\u00bb{}\u00a0\u00bb][\/et_pb_gallery][et_pb_text admin_label=\u00a0\u00bbFamille Perritaz &#8211; Brot-Plamboz &#8211; NE \u00a0\u00bb _builder_version=\u00a0\u00bb4.16&Prime; text_line_height=\u00a0\u00bb1em\u00a0\u00bb background_size=\u00a0\u00bbinitial\u00a0\u00bb background_position=\u00a0\u00bbtop_left\u00a0\u00bb background_repeat=\u00a0\u00bbrepeat\u00a0\u00bb use_border_color=\u00a0\u00bboff\u00a0\u00bb border_color=\u00a0\u00bb#ffffff\u00a0\u00bb border_style=\u00a0\u00bbsolid\u00a0\u00bb global_colors_info=\u00a0\u00bb{}\u00a0\u00bb]<strong>Habitation &#8211; Brot-Plamboz &#8211; NE &#8211; 2013 &#8211; 8 kW \/ 50 m2<\/strong><\/p>\n<p>Production : 10\u2019000 kWhel\/ann\u00e9e = Equivalent : 1000 l. fioul \/ Economies : 6\u2019500 m3 CO2<\/p>\n<p>Produits : 32 \u00d7 SunPower SPR-250NE-BLK + 1 \u00d7 SolarMax 8MT2<br \/>\n[\/et_pb_text][\/et_pb_column][\/et_pb_row][\/et_pb_section]<\/p>\n","protected":false},"excerpt":{"rendered":"<p>Plusieurs projets solaires en phase de planification et nouvelles installations de r\u00e9f\u00e9rences disponibles bient\u00f4t aussi sur notre site web&#8230; &nbsp; Habitation &#8211; Z\u00fcrich &#8211; ZH Habitation &#8211; Chardonne &#8211; VD Habitation &#8211; Minusio &#8211; TI Habitation &#8211; Blonay &#8211; VD Habitation &#8211; Schongau &#8211; LU Habitation &#8211; Mollie-Margot &#8211; VD Habitation &#8211; Puidoux &#8211; VD [&hellip;]<\/p>\n","protected":false},"author":4,"featured_media":0,"parent":0,"menu_order":0,"comment_status":"closed","ping_status":"closed","template":"","meta":{"_et_pb_use_builder":"on","_et_pb_old_content":"","_et_gb_content_width":"","footnotes":""},"class_list":["post-2317","page","type-page","status-publish","hentry"],"_links":{"self":[{"href":"https:\/\/www.futurenergy.ch\/fr\/wp-json\/wp\/v2\/pages\/2317","targetHints":{"allow":["GET"]}}],"collection":[{"href":"https:\/\/www.futurenergy.ch\/fr\/wp-json\/wp\/v2\/pages"}],"about":[{"href":"https:\/\/www.futurenergy.ch\/fr\/wp-json\/wp\/v2\/types\/page"}],"author":[{"embeddable":true,"href":"https:\/\/www.futurenergy.ch\/fr\/wp-json\/wp\/v2\/users\/4"}],"replies":[{"embeddable":true,"href":"https:\/\/www.futurenergy.ch\/fr\/wp-json\/wp\/v2\/comments?post=2317"}],"version-history":[{"count":25,"href":"https:\/\/www.futurenergy.ch\/fr\/wp-json\/wp\/v2\/pages\/2317\/revisions"}],"predecessor-version":[{"id":13244,"href":"https:\/\/www.futurenergy.ch\/fr\/wp-json\/wp\/v2\/pages\/2317\/revisions\/13244"}],"wp:attachment":[{"href":"https:\/\/www.futurenergy.ch\/fr\/wp-json\/wp\/v2\/media?parent=2317"}],"curies":[{"name":"wp","href":"https:\/\/api.w.org\/{rel}","templated":true}]}}