{"id":2068,"date":"2016-03-14T21:58:42","date_gmt":"2016-03-14T21:58:42","guid":{"rendered":"http:\/\/www.futurenergy.ch\/?page_id=2068&#038;lang=fr"},"modified":"2026-02-07T11:03:04","modified_gmt":"2026-02-07T11:03:04","slug":"photovoltaics","status":"publish","type":"page","link":"https:\/\/www.futurenergy.ch\/fr\/photovoltaics\/","title":{"rendered":"Photovoltaics"},"content":{"rendered":"<p>[et_pb_section fb_built=\u00a0\u00bb1&Prime; custom_padding_last_edited=\u00a0\u00bbon|phone\u00a0\u00bb admin_label=\u00a0\u00bbsection\u00a0\u00bb _builder_version=\u00a0\u00bb4.16&Prime; custom_padding=\u00a0\u00bb15px|||\u00a0\u00bb custom_padding_tablet=\u00a0\u00bb50px|0|50px|0&Prime; custom_padding_phone=\u00a0\u00bb5px|||\u00a0\u00bb transparent_background=\u00a0\u00bboff\u00a0\u00bb padding_mobile=\u00a0\u00bboff\u00a0\u00bb make_fullwidth=\u00a0\u00bboff\u00a0\u00bb use_custom_width=\u00a0\u00bboff\u00a0\u00bb width_unit=\u00a0\u00bbon\u00a0\u00bb global_colors_info=\u00a0\u00bb{}\u00a0\u00bb][et_pb_row padding_mobile=\u00a0\u00bboff\u00a0\u00bb column_padding_mobile=\u00a0\u00bbon\u00a0\u00bb custom_padding_last_edited=\u00a0\u00bbon|phone\u00a0\u00bb admin_label=\u00a0\u00bbrow\u00a0\u00bb _builder_version=\u00a0\u00bb4.16&Prime; background_size=\u00a0\u00bbinitial\u00a0\u00bb background_position=\u00a0\u00bbtop_left\u00a0\u00bb background_repeat=\u00a0\u00bbrepeat\u00a0\u00bb custom_padding=\u00a0\u00bb5px||5px|\u00a0\u00bb custom_padding_tablet=\u00a0\u00bb\u00a0\u00bb custom_padding_phone=\u00a0\u00bb5px||0px|\u00a0\u00bb make_fullwidth=\u00a0\u00bboff\u00a0\u00bb use_custom_width=\u00a0\u00bboff\u00a0\u00bb width_unit=\u00a0\u00bbon\u00a0\u00bb global_colors_info=\u00a0\u00bb{}\u00a0\u00bb][et_pb_column type=\u00a0\u00bb4_4&Prime; _builder_version=\u00a0\u00bb4.16&Prime; custom_padding=\u00a0\u00bb|||\u00a0\u00bb global_colors_info=\u00a0\u00bb{}\u00a0\u00bb custom_padding__hover=\u00a0\u00bb|||\u00a0\u00bb][et_pb_text admin_label=\u00a0\u00bbTitel Photovoltaics\u00a0\u00bb _builder_version=\u00a0\u00bb4.16&Prime; text_font=\u00a0\u00bb|on|||\u00a0\u00bb text_text_color=\u00a0\u00bb#ffa200&Prime; text_font_size=\u00a0\u00bb28&Prime; background_size=\u00a0\u00bbinitial\u00a0\u00bb background_position=\u00a0\u00bbtop_left\u00a0\u00bb background_repeat=\u00a0\u00bbrepeat\u00a0\u00bb custom_padding=\u00a0\u00bb5px|||\u00a0\u00bb use_border_color=\u00a0\u00bboff\u00a0\u00bb border_color=\u00a0\u00bb#ffffff\u00a0\u00bb border_style=\u00a0\u00bbsolid\u00a0\u00bb global_colors_info=\u00a0\u00bb{}\u00a0\u00bb]<strong>Le photovolta\u00efque<\/strong><br \/>\n[\/et_pb_text][\/et_pb_column][\/et_pb_row][et_pb_row column_structure=\u00a0\u00bb1_2,1_2&Prime; padding_mobile=\u00a0\u00bboff\u00a0\u00bb column_padding_mobile=\u00a0\u00bbon\u00a0\u00bb custom_padding_last_edited=\u00a0\u00bbon|phone\u00a0\u00bb admin_label=\u00a0\u00bbZeile\u00a0\u00bb _builder_version=\u00a0\u00bb4.16&Prime; background_size=\u00a0\u00bbinitial\u00a0\u00bb background_position=\u00a0\u00bbtop_left\u00a0\u00bb background_repeat=\u00a0\u00bbrepeat\u00a0\u00bb custom_padding_tablet=\u00a0\u00bb\u00a0\u00bb custom_padding_phone=\u00a0\u00bb0px|||\u00a0\u00bb make_fullwidth=\u00a0\u00bboff\u00a0\u00bb use_custom_width=\u00a0\u00bboff\u00a0\u00bb width_unit=\u00a0\u00bbon\u00a0\u00bb global_colors_info=\u00a0\u00bb{}\u00a0\u00bb][et_pb_column type=\u00a0\u00bb1_2&Prime; _builder_version=\u00a0\u00bb4.16&Prime; custom_padding=\u00a0\u00bb|||\u00a0\u00bb global_colors_info=\u00a0\u00bb{}\u00a0\u00bb custom_padding__hover=\u00a0\u00bb|||\u00a0\u00bb][et_pb_text admin_label=\u00a0\u00bbText Photovoltaics\u00a0\u00bb _builder_version=\u00a0\u00bb4.25.1&Prime; background_size=\u00a0\u00bbinitial\u00a0\u00bb background_position=\u00a0\u00bbtop_left\u00a0\u00bb background_repeat=\u00a0\u00bbrepeat\u00a0\u00bb custom_padding=\u00a0\u00bb||4px|||\u00a0\u00bb use_border_color=\u00a0\u00bboff\u00a0\u00bb border_color=\u00a0\u00bb#ffffff\u00a0\u00bb border_style=\u00a0\u00bbsolid\u00a0\u00bb global_colors_info=\u00a0\u00bb{}\u00a0\u00bb]<\/p>\n<p><strong>La technologie photovolta\u00efque<\/strong> est le processus permettant la production d\u2019\u00e9nergie \u00e9lectrique renouvelable \u00e0 partir du rayonnement \u00e9lectromagn\u00e9tique du Soleil.<\/p>\n<p>La cellule photovolta\u00efque est le composant \u00e9lectronique de base permettant l\u2019exploitation de l&rsquo;effet photo\u00e9lectrique de la lumi\u00e8re, plusieurs cellules reli\u00e9es entre elles forment ainsi un module photovolta\u00efque.<\/p>\n<p>Plusieurs modules reli\u00e9s en s\u00e9rie et\/ou en parall\u00e8le forment \u00e0 leur tour une installation photovolta\u00efque, produisant de l\u2019\u00e9lectricit\u00e9 pouvant \u00eatre utilis\u00e9e en ilotage, ou pour alimenter les r\u00e9seaux de distribution \u00e9lectrique priv\u00e9 et publique.<\/p>\n<p>Les installations photovolta\u00efques isol\u00e9es peuvent directement consommer l&rsquo;\u00e9lectricit\u00e9 produite sur des sites non raccord\u00e9s au r\u00e9seau \u00e9lectrique, \u00e9quip\u00e9es de dispositif de stockage notamment muni de batterie, afin de disposer d&rsquo;\u00e9lectricit\u00e9 aussi en dehors des heures de production (p. ex. la nuit).<\/p>\n<p>Les installations photovolta\u00efques peuvent \u00eatre connect\u00e9es aux r\u00e9seaux de distribution, ces installations sont \u00e9quip\u00e9es en outre d&rsquo;onduleurs transformant le courant continu en courant alternatif, en fonction des caract\u00e9ristiques sp\u00e9cifiques de chaque r\u00e9seau local (p. ex. fr\u00e9quence de 50 Hz). Cette deuxi\u00e8me cat\u00e9gorie d\u2019installation ne n\u00e9cessite par principe pas de dispositif de stockage, l&rsquo;\u00e9lectricit\u00e9 \u00e9tant consomm\u00e9e directement par les consommateurs les plus proches au sein du r\u00e9seau \u00e9lectrique.<\/p>\n<p>La technologie photovolta\u00efque se subdivise d\u2019une part en modules solaires monocristallins, poss\u00e9dant une efficience \u00e9lev\u00e9e ainsi que l\u2019efficacit\u00e9 la plus accrue par unit\u00e9 de surface, \u00e9tant principalement utilis\u00e9s pour des applications sur des surfaces r\u00e9sidentielles plus restreintes. Les modules solaires polycristallins ont pour leur part un rapport qualit\u00e9\/prix tendanciellement plus avantageux, raison pour laquelle leur utilisation domine le march\u00e9 photovolta\u00efque, avec un rendement optimal et \u00e9galement une dur\u00e9e de vie pr\u00e9visible de plus de 30 ans.<\/p>\n<p>Les modules solaires amorphes ont finalement quant \u00e0 eux un potentiel consid\u00e9rable pour l\u2019industrie solaire avec des applications diverses et un rendement plus \u00e9lev\u00e9 par lumi\u00e8re diffuse. Les cellules de silicium amorphe poss\u00e8dent cependant une efficacit\u00e9 inf\u00e9rieure en comparaison avec les modules cristallins standards, par cons\u00e9quent plus adapt\u00e9es pour des installations photovolta\u00efques de tailles industrielles et pour des parcs solaires au sol de grande envergure, avec une \u00e9conomie d\u2019\u00e9chelle cons\u00e9quente sur leurs couts de production et le bilan CO2.<\/p>\n<p>L\u2019\u00e9volution exponentielle de la puissance photovolta\u00efque totale install\u00e9e est en particulier le fruit des am\u00e9liorations technologiques et surtout la diminution massive des couts de productions consid\u00e9r\u00e9 sur les 20 derni\u00e8res ann\u00e9es, avec environ 500 GW (Gigawatt) nouvellement install\u00e9s en l\u2019an 2024, pour une puissance totale install\u00e9e de plus de2 TW (Terrawatt) et une surface de captage mondiale \u00e9quivalente de plus de 2&rsquo;000&rsquo;000 terrains de football (10&rsquo;000&rsquo;000&rsquo;000 m2)!<\/p>\n<p>[\/et_pb_text][\/et_pb_column][et_pb_column type=\u00a0\u00bb1_2&Prime; _builder_version=\u00a0\u00bb4.16&Prime; custom_padding=\u00a0\u00bb|||\u00a0\u00bb global_colors_info=\u00a0\u00bb{}\u00a0\u00bb custom_padding__hover=\u00a0\u00bb|||\u00a0\u00bb][et_pb_gallery gallery_ids=\u00a0\u00bb12955,12959,12963,12967&Prime; posts_number=\u00a0\u00bb3&Prime; show_title_and_caption=\u00a0\u00bboff\u00a0\u00bb show_pagination=\u00a0\u00bboff\u00a0\u00bb admin_label=\u00a0\u00bbGalerie Photovoltaics\u00a0\u00bb _builder_version=\u00a0\u00bb4.25.1&Prime; use_border_color=\u00a0\u00bboff\u00a0\u00bb border_color=\u00a0\u00bb#ffffff\u00a0\u00bb border_style=\u00a0\u00bbsolid\u00a0\u00bb global_colors_info=\u00a0\u00bb{}\u00a0\u00bb] [\/et_pb_gallery][\/et_pb_column][\/et_pb_row][\/et_pb_section]<\/p>\n","protected":false},"excerpt":{"rendered":"<p>Le photovolta\u00efque La technologie photovolta\u00efque est le processus permettant la production d\u2019\u00e9nergie \u00e9lectrique renouvelable \u00e0 partir du rayonnement \u00e9lectromagn\u00e9tique du Soleil. La cellule photovolta\u00efque est le composant \u00e9lectronique de base permettant l\u2019exploitation de l&rsquo;effet photo\u00e9lectrique de la lumi\u00e8re, plusieurs cellules reli\u00e9es entre elles forment ainsi un module photovolta\u00efque. Plusieurs modules reli\u00e9s en s\u00e9rie et\/ou en [&hellip;]<\/p>\n","protected":false},"author":4,"featured_media":0,"parent":0,"menu_order":0,"comment_status":"closed","ping_status":"closed","template":"","meta":{"_et_pb_use_builder":"on","_et_pb_old_content":"","_et_gb_content_width":"","footnotes":""},"class_list":["post-2068","page","type-page","status-publish","hentry"],"_links":{"self":[{"href":"https:\/\/www.futurenergy.ch\/fr\/wp-json\/wp\/v2\/pages\/2068","targetHints":{"allow":["GET"]}}],"collection":[{"href":"https:\/\/www.futurenergy.ch\/fr\/wp-json\/wp\/v2\/pages"}],"about":[{"href":"https:\/\/www.futurenergy.ch\/fr\/wp-json\/wp\/v2\/types\/page"}],"author":[{"embeddable":true,"href":"https:\/\/www.futurenergy.ch\/fr\/wp-json\/wp\/v2\/users\/4"}],"replies":[{"embeddable":true,"href":"https:\/\/www.futurenergy.ch\/fr\/wp-json\/wp\/v2\/comments?post=2068"}],"version-history":[{"count":7,"href":"https:\/\/www.futurenergy.ch\/fr\/wp-json\/wp\/v2\/pages\/2068\/revisions"}],"predecessor-version":[{"id":14055,"href":"https:\/\/www.futurenergy.ch\/fr\/wp-json\/wp\/v2\/pages\/2068\/revisions\/14055"}],"wp:attachment":[{"href":"https:\/\/www.futurenergy.ch\/fr\/wp-json\/wp\/v2\/media?parent=2068"}],"curies":[{"name":"wp","href":"https:\/\/api.w.org\/{rel}","templated":true}]}}