{"id":3218,"date":"2016-04-05T20:56:38","date_gmt":"2016-04-05T20:56:38","guid":{"rendered":"http:\/\/www.futurenergy.ch\/?page_id=3218&#038;lang=de"},"modified":"2024-05-22T08:43:14","modified_gmt":"2024-05-22T08:43:14","slug":"e-mobilitaet","status":"publish","type":"page","link":"https:\/\/www.futurenergy.ch\/de\/e-mobilitaet\/","title":{"rendered":"E-Mobilit\u00e4t"},"content":{"rendered":"<p>[et_pb_section fb_built=&#8220;1&#8243; custom_padding_last_edited=&#8220;on|phone&#8220; admin_label=&#8220;section&#8220; module_class=&#8220;emobility&#8220; _builder_version=&#8220;4.16&#8243; custom_padding=&#8220;15px|||&#8220; custom_padding_tablet=&#8220;50px|0|50px|0&#8243; custom_padding_phone=&#8220;5px|||&#8220; transparent_background=&#8220;off&#8220; padding_mobile=&#8220;off&#8220; make_fullwidth=&#8220;off&#8220; use_custom_width=&#8220;off&#8220; width_unit=&#8220;on&#8220; global_colors_info=&#8220;{}&#8220;][et_pb_row padding_mobile=&#8220;off&#8220; column_padding_mobile=&#8220;on&#8220; custom_padding_last_edited=&#8220;on|phone&#8220; admin_label=&#8220;row&#8220; _builder_version=&#8220;4.16&#8243; background_size=&#8220;initial&#8220; background_position=&#8220;top_left&#8220; background_repeat=&#8220;repeat&#8220; custom_padding=&#8220;5px||5px|&#8220; custom_padding_tablet=&#8220;&#8220; custom_padding_phone=&#8220;5px||0px|&#8220; make_fullwidth=&#8220;off&#8220; use_custom_width=&#8220;off&#8220; width_unit=&#8220;on&#8220; global_colors_info=&#8220;{}&#8220;][et_pb_column type=&#8220;4_4&#8243; _builder_version=&#8220;4.16&#8243; custom_padding=&#8220;|||&#8220; global_colors_info=&#8220;{}&#8220; custom_padding__hover=&#8220;|||&#8220;][et_pb_text admin_label=&#8220;Titel E-Mobilit\u00e0&#8220; _builder_version=&#8220;4.16&#8243; text_font=&#8220;|on|||&#8220; text_text_color=&#8220;#ffa200&#8243; text_font_size=&#8220;28&#8243; background_size=&#8220;initial&#8220; background_position=&#8220;top_left&#8220; background_repeat=&#8220;repeat&#8220; custom_padding=&#8220;5px|||&#8220; text_font_size_tablet=&#8220;&#8220; text_font_size_phone=&#8220;22&#8243; text_font_size_last_edited=&#8220;on|phone&#8220; use_border_color=&#8220;off&#8220; border_color=&#8220;#ffffff&#8220; border_style=&#8220;solid&#8220; global_colors_info=&#8220;{}&#8220;]<span lang=\"DE-CH\">E-Mobilit\u00e4t<\/span><br \/>\n[\/et_pb_text][\/et_pb_column][\/et_pb_row][et_pb_row column_structure=&#8220;1_2,1_2&#8243; padding_mobile=&#8220;off&#8220; column_padding_mobile=&#8220;on&#8220; custom_padding_last_edited=&#8220;on|phone&#8220; admin_label=&#8220;Zeile&#8220; _builder_version=&#8220;4.16&#8243; background_size=&#8220;initial&#8220; background_position=&#8220;top_left&#8220; background_repeat=&#8220;repeat&#8220; custom_padding_tablet=&#8220;&#8220; custom_padding_phone=&#8220;&#8220; make_fullwidth=&#8220;off&#8220; use_custom_width=&#8220;off&#8220; width_unit=&#8220;on&#8220; global_colors_info=&#8220;{}&#8220;][et_pb_column type=&#8220;1_2&#8243; _builder_version=&#8220;4.16&#8243; custom_padding=&#8220;|||&#8220; global_colors_info=&#8220;{}&#8220; custom_padding__hover=&#8220;|||&#8220;][et_pb_text admin_label=&#8220;Text&#8220; _builder_version=&#8220;4.16&#8243; background_size=&#8220;initial&#8220; background_position=&#8220;top_left&#8220; background_repeat=&#8220;repeat&#8220; use_border_color=&#8220;off&#8220; border_color=&#8220;#ffffff&#8220; border_style=&#8220;solid&#8220; global_colors_info=&#8220;{}&#8220;]<\/p>\n<p>Private &amp; Gesch\u00e4ftliche Fahrzeuge<\/p>\n<p><strong>Teslas Mission ist den weltweiten \u00dcbergang zu nachhaltiger Energie zu beschleunigen.<\/strong><\/p>\n<p>Tesla wurde 2003 von einer Gruppe von Ingenieuren gegr\u00fcndet, die beweisen wollten dass die Verbrauchern keine Kompromisse eingehen m\u00fcssen, um elektrisch zu fahren &#8211; dass Elektrofahrzeuge besser, schneller und spassiger zu fahren sind als Benzinfahrzeuge. Heute baut Tesla nicht nur vollelektrische Fahrzeuge, sondern auch unendlich skalierbare Produkte zur Erzeugung und Speicherung sauberer Energie. Tesla glaubt, je schneller die Gesellschaft, sich von fossilen Brennstoffen befreiet und sich in eine emissionsfreie bewegt, desto besser wird die Zukunft.<\/p>\n<p><strong>Fendt e100 Vario: Der batteriebetriebene Kompakttraktor<\/strong><\/p>\n<p>AGCO \/ Fendt hat sich in der Elektrifizierung der Landwirtschaft einen Namen gemacht. Fendt entwickelt seit vielen Jahren praktische L\u00f6sungen f\u00fcr den effizienten Einsatz elektrischer Antriebssysteme. Der Fendt e100 Vario ist jetzt der erste praktische, batteriebetriebene Traktor, der im normalen Betrieb einen ganzen Arbeitstag lang ohne Aufladen eingesetzt werden kann.<\/p>\n<p><strong>Der weltweit gr\u00f6sste Elektrolastwagen entwickelt in der Schweiz<\/strong><\/p>\n<p>Das weltweit gr\u00f6sste Elektrofahrzeug mit einem Leergewicht von 58 Tonnen, einer Nutzlast von 65 Tonnen wurde in Anwesenheit zahlreicher Vertreter aus Wirtschaft und Politik als &#8222;Lynx&#8220; getauft und arbeitet im Steinbruch von Vigier Ciment. Der eDumper ist das gr\u00f6sste und leistungsst\u00e4rkste batteriebetriebene Elektrofahrzeug der Welt und noch nie konnte ein vergleichbares Fahrzeug so viel CO2 einsparen wie zuvor. Nach vorl\u00e4ufigen Berechnungen wird das Fahrzeug in den n\u00e4chsten 10 Jahren bis zu 1.300 Tonnen CO2 und 500.000 Liter Diesel einsparen. Das Projekt wird unterst\u00fctzt vom Bundesamt f\u00fcr Energie (BFE).<\/p>\n<p>[\/et_pb_text][et_pb_text admin_label=&#8220;Tesla&#8220; _builder_version=&#8220;4.16&#8243; text_font=&#8220;|on|||&#8220; text_text_color=&#8220;#ffa200&#8243; text_font_size=&#8220;18&#8243; background_size=&#8220;initial&#8220; background_position=&#8220;top_left&#8220; background_repeat=&#8220;repeat&#8220; custom_margin=&#8220;||10px|&#8220; use_border_color=&#8220;off&#8220; border_color=&#8220;#ffffff&#8220; border_style=&#8220;solid&#8220; global_colors_info=&#8220;{}&#8220;]<span lang=\"DE-CH\"><a href=\"http:\/\/www.futurenergy.ch\/wp-content\/uploads\/2016\/04\/Tesla_Model_S.jpeg\" rel=\"attachment wp-att-3210\"><img loading=\"lazy\" decoding=\"async\" class=\"alignnone wp-image-3210\" src=\"http:\/\/www.futurenergy.ch\/wp-content\/uploads\/2016\/04\/Tesla_Model_S.jpeg\" alt=\"Tesla_Model_S\" width=\"633\" height=\"343\" srcset=\"https:\/\/www.futurenergy.ch\/wp-content\/uploads\/2016\/04\/Tesla_Model_S.jpeg 2980w, https:\/\/www.futurenergy.ch\/wp-content\/uploads\/2016\/04\/Tesla_Model_S-300x162.jpeg 300w, https:\/\/www.futurenergy.ch\/wp-content\/uploads\/2016\/04\/Tesla_Model_S-768x416.jpeg 768w, https:\/\/www.futurenergy.ch\/wp-content\/uploads\/2016\/04\/Tesla_Model_S-1024x555.jpeg 1024w, https:\/\/www.futurenergy.ch\/wp-content\/uploads\/2016\/04\/Tesla_Model_S-1080x585.jpeg 1080w\" sizes=\"(max-width: 633px) 100vw, 633px\" \/><\/a><\/span><br \/>\n[\/et_pb_text][\/et_pb_column][et_pb_column type=&#8220;1_2&#8243; _builder_version=&#8220;4.16&#8243; custom_padding=&#8220;|||&#8220; global_colors_info=&#8220;{}&#8220; custom_padding__hover=&#8220;|||&#8220;][\/et_pb_column][\/et_pb_row][et_pb_row admin_label=&#8220;Zeile&#8220; _builder_version=&#8220;4.16&#8243; background_size=&#8220;initial&#8220; background_position=&#8220;top_left&#8220; background_repeat=&#8220;repeat&#8220; global_colors_info=&#8220;{}&#8220;][et_pb_column type=&#8220;4_4&#8243; _builder_version=&#8220;4.16&#8243; custom_padding=&#8220;|||&#8220; global_colors_info=&#8220;{}&#8220; custom_padding__hover=&#8220;|||&#8220;][et_pb_text admin_label=&#8220;Other products available on request&#8220; _builder_version=&#8220;4.25.1&#8243; background_size=&#8220;initial&#8220; background_position=&#8220;top_left&#8220; background_repeat=&#8220;repeat&#8220; use_border_color=&#8220;off&#8220; border_color=&#8220;#ffffff&#8220; border_style=&#8220;solid&#8220; global_colors_info=&#8220;{}&#8220;]<\/p>\n<p style=\"text-align: left;\">Verschiedene Produkte erh\u00e4ltlich auf Anfrage.<\/p>\n<p>&nbsp;<\/p>\n<p>&nbsp;<\/p>\n<p>[\/et_pb_text][\/et_pb_column][\/et_pb_row][\/et_pb_section]<\/p>\n","protected":false},"excerpt":{"rendered":"<p>E-Mobilit\u00e4t Private &amp; Gesch\u00e4ftliche Fahrzeuge Teslas Mission ist den weltweiten \u00dcbergang zu nachhaltiger Energie zu beschleunigen. Tesla wurde 2003 von einer Gruppe von Ingenieuren gegr\u00fcndet, die beweisen wollten dass die Verbrauchern keine Kompromisse eingehen m\u00fcssen, um elektrisch zu fahren &#8211; dass Elektrofahrzeuge besser, schneller und spassiger zu fahren sind als Benzinfahrzeuge. Heute baut Tesla nicht [&hellip;]<\/p>\n","protected":false},"author":4,"featured_media":0,"parent":0,"menu_order":0,"comment_status":"closed","ping_status":"closed","template":"","meta":{"_et_pb_use_builder":"on","_et_pb_old_content":"","_et_gb_content_width":"","footnotes":""},"class_list":["post-3218","page","type-page","status-publish","hentry"],"_links":{"self":[{"href":"https:\/\/www.futurenergy.ch\/de\/wp-json\/wp\/v2\/pages\/3218","targetHints":{"allow":["GET"]}}],"collection":[{"href":"https:\/\/www.futurenergy.ch\/de\/wp-json\/wp\/v2\/pages"}],"about":[{"href":"https:\/\/www.futurenergy.ch\/de\/wp-json\/wp\/v2\/types\/page"}],"author":[{"embeddable":true,"href":"https:\/\/www.futurenergy.ch\/de\/wp-json\/wp\/v2\/users\/4"}],"replies":[{"embeddable":true,"href":"https:\/\/www.futurenergy.ch\/de\/wp-json\/wp\/v2\/comments?post=3218"}],"version-history":[{"count":8,"href":"https:\/\/www.futurenergy.ch\/de\/wp-json\/wp\/v2\/pages\/3218\/revisions"}],"predecessor-version":[{"id":13197,"href":"https:\/\/www.futurenergy.ch\/de\/wp-json\/wp\/v2\/pages\/3218\/revisions\/13197"}],"wp:attachment":[{"href":"https:\/\/www.futurenergy.ch\/de\/wp-json\/wp\/v2\/media?parent=3218"}],"curies":[{"name":"wp","href":"https:\/\/api.w.org\/{rel}","templated":true}]}}