{"id":2398,"date":"2016-03-12T18:29:40","date_gmt":"2016-03-12T18:29:40","guid":{"rendered":"http:\/\/www.futurenergy.ch\/?page_id=2398&#038;lang=de"},"modified":"2026-02-07T11:14:21","modified_gmt":"2026-02-07T11:14:21","slug":"enterprise","status":"publish","type":"page","link":"https:\/\/www.futurenergy.ch\/de\/enterprise\/","title":{"rendered":"Enterprise"},"content":{"rendered":"<p>[et_pb_section fb_built=&#8220;1&#8243; custom_padding_last_edited=&#8220;on|phone&#8220; admin_label=&#8220;section&#8220; _builder_version=&#8220;4.16&#8243; custom_padding=&#8220;15px|||&#8220; custom_padding_tablet=&#8220;50px|0|50px|0&#8243; custom_padding_phone=&#8220;5px|||&#8220; transparent_background=&#8220;off&#8220; padding_mobile=&#8220;off&#8220; make_fullwidth=&#8220;off&#8220; use_custom_width=&#8220;off&#8220; width_unit=&#8220;on&#8220; global_colors_info=&#8220;{}&#8220;][et_pb_row padding_mobile=&#8220;off&#8220; column_padding_mobile=&#8220;on&#8220; custom_padding_last_edited=&#8220;on|phone&#8220; admin_label=&#8220;row&#8220; _builder_version=&#8220;4.16&#8243; background_size=&#8220;initial&#8220; background_position=&#8220;top_left&#8220; background_repeat=&#8220;repeat&#8220; custom_padding=&#8220;5px||5px|&#8220; custom_padding_tablet=&#8220;&#8220; custom_padding_phone=&#8220;5px||0px|&#8220; make_fullwidth=&#8220;off&#8220; use_custom_width=&#8220;off&#8220; width_unit=&#8220;on&#8220; global_colors_info=&#8220;{}&#8220;][et_pb_column type=&#8220;4_4&#8243; _builder_version=&#8220;4.16&#8243; custom_padding=&#8220;|||&#8220; global_colors_info=&#8220;{}&#8220; custom_padding__hover=&#8220;|||&#8220;][et_pb_text admin_label=&#8220;Titel Future Energy Enterprise&#8220; _builder_version=&#8220;4.16&#8243; text_font=&#8220;|on|||&#8220; text_text_color=&#8220;#ffa200&#8243; text_font_size=&#8220;28&#8243; background_size=&#8220;initial&#8220; background_position=&#8220;top_left&#8220; background_repeat=&#8220;repeat&#8220; custom_padding=&#8220;5px|||&#8220; text_font_size_tablet=&#8220;&#8220; text_font_size_phone=&#8220;22&#8243; text_font_size_last_edited=&#8220;on|phone&#8220; use_border_color=&#8220;off&#8220; border_color=&#8220;#ffffff&#8220; border_style=&#8220;solid&#8220; global_colors_info=&#8220;{}&#8220;]Future Energy Enterprise<br \/>\n[\/et_pb_text][et_pb_text admin_label=&#8220;Text Future Energy Enterprise&#8220; _builder_version=&#8220;4.16&#8243; background_size=&#8220;initial&#8220; background_position=&#8220;top_left&#8220; background_repeat=&#8220;repeat&#8220; use_border_color=&#8220;off&#8220; border_color=&#8220;#ffffff&#8220; border_style=&#8220;solid&#8220; global_colors_info=&#8220;{}&#8220;]<\/p>\n<p><strong>Future Energy SA<\/strong> ist eine schweizerische Aktiengesellschaft mit einem Eigenkapital von 100&#8217;000 CHF, die im Juni 2014 gegr\u00fcndet wurde und die gesch\u00e4ftlichen T\u00e4tigkeiten der Future Energy Einzelperson Unternehmen, die zuvor seit 2010 aktiv war, \u00fcbernommen hat.<\/p>\n<p>Die Gesellschaft ist haupts\u00e4chlich t\u00e4tig in der<\/p>\n<p>-Projektentwicklung, Analyse des Energiebedarfs, statische und elektrische \/ hydraulische Auslegung, Erstellung technischen Dokumentation mit Angebot\/Offerten;<\/p>\n<p>-Administrative Vorkehrungen, Bauanmeldung, Stromnetzanschlussgesuch, Antrag f\u00fcr kantonale \/ eidgen\u00f6ssische F\u00f6rderung;<\/p>\n<p>-Schl\u00fcsselfertige Lieferung von Solaranlagen, privaten Messsystemen, Haushaltswarmwasser- \/ Heizungsanlagen.<\/p>\n<p><strong>Sie m\u00f6chten<\/strong> eine Photovoltaikanlage, Solarthermie oder eine komplette Heizungsanlage erwerben, w\u00e4hrend Ihrer freiwilligen Energiesanierung, der notwendigen Renovation Ihres Eigenheims oder in Kombination mit dem Bau Ihres Immobilienprojektes?<\/p>\n<p>Wir bieten Ihnen die &#8222;schl\u00fcsselfertige&#8220; Lieferung von<\/p>\n<p>&#8211; Erforderliche administrativen Vorkehrungen, Baugenehmigung, F\u00f6rdergesuche, usw;<\/p>\n<p>-Komplette Komponenten, Photovoltaik-Module, Befestigungssystem, Wechselrichter und Verkabelung, Messsysteme, Ladestation, W\u00e4rmepumpe, usw;<\/p>\n<p>-Dachbauarbeiten, komplette Elektroinstallation, hydraulischer Anschluss, manuelle oder mechanische Bef\u00f6rderung, notwendige Arbeitsschutzmassnahmen, usw;<\/p>\n<p>-Inbetriebnahmeverfahren, Abnahmekontrolle des Bauobjekt, Zertifizierung der Produktionsanlage, \u00dcberwachung der Produktion\/des Verbrauchs, vollst\u00e4ndige technische und administrative Dokumentation f\u00fcr die Bauherrschaft.<\/p>\n<p><strong>Unser Ziel<\/strong> ist Ihre kurz- und mittelfristige Zufriedenheit, indem wir alle unsere Kompetenzen zu Gunsten Ihr Projekt einsetzen, mit Lieferanten auf dem letzten Stand der Technologie, qualifizierte Installateuren und spezialisierten Partnern, um Ihnen eine massgeschneiderte L\u00f6sung gem\u00e4ss Bed\u00fcrfnisse und W\u00fcnsche zu liefern, wie allen unseren Kunden und Kundinnen in der ganzen Schweiz seit mehr als 10 Jahren!<\/p>\n<p><img loading=\"lazy\" decoding=\"async\" class=\"alignnone wp-image-1889\" src=\"http:\/\/www.futurenergy.ch\/wp-content\/uploads\/2016\/03\/Future-Energy-SA-Partners-1.jpg\" alt=\"Future Energy SA &amp; Partners-1\" width=\"190\" height=\"153\" srcset=\"https:\/\/www.futurenergy.ch\/wp-content\/uploads\/2016\/03\/Future-Energy-SA-Partners-1.jpg 560w, https:\/\/www.futurenergy.ch\/wp-content\/uploads\/2016\/03\/Future-Energy-SA-Partners-1-300x241.jpg 300w\" sizes=\"(max-width: 190px) 100vw, 190px\" \/>\u00a0 \u00a0 \u00a0 \u00a0\u00a0<img loading=\"lazy\" decoding=\"async\" class=\"alignnone wp-image-1890\" src=\"http:\/\/www.futurenergy.ch\/wp-content\/uploads\/2016\/03\/Future-Energy-SA-Partners-2.jpg\" alt=\"Future Energy SA &amp; Partners-2\" width=\"231\" height=\"165\" srcset=\"https:\/\/www.futurenergy.ch\/wp-content\/uploads\/2016\/03\/Future-Energy-SA-Partners-2.jpg 1417w, https:\/\/www.futurenergy.ch\/wp-content\/uploads\/2016\/03\/Future-Energy-SA-Partners-2-300x214.jpg 300w, https:\/\/www.futurenergy.ch\/wp-content\/uploads\/2016\/03\/Future-Energy-SA-Partners-2-768x548.jpg 768w, https:\/\/www.futurenergy.ch\/wp-content\/uploads\/2016\/03\/Future-Energy-SA-Partners-2-1024x731.jpg 1024w, https:\/\/www.futurenergy.ch\/wp-content\/uploads\/2016\/03\/Future-Energy-SA-Partners-2-400x284.jpg 400w, https:\/\/www.futurenergy.ch\/wp-content\/uploads\/2016\/03\/Future-Energy-SA-Partners-2-1080x771.jpg 1080w\" sizes=\"(max-width: 231px) 100vw, 231px\" \/>\u00a0 \u00a0 \u00a0 \u00a0 \u00a0<img loading=\"lazy\" decoding=\"async\" class=\"alignnone wp-image-1887\" src=\"http:\/\/www.futurenergy.ch\/wp-content\/uploads\/2016\/03\/Future-Energy-SA-Partners-3.jpg\" alt=\"Future Energy SA &amp; Partners-3\" width=\"213\" height=\"213\" srcset=\"https:\/\/www.futurenergy.ch\/wp-content\/uploads\/2016\/03\/Future-Energy-SA-Partners-3.jpg 700w, https:\/\/www.futurenergy.ch\/wp-content\/uploads\/2016\/03\/Future-Energy-SA-Partners-3-150x150.jpg 150w, https:\/\/www.futurenergy.ch\/wp-content\/uploads\/2016\/03\/Future-Energy-SA-Partners-3-300x300.jpg 300w\" sizes=\"(max-width: 213px) 100vw, 213px\" \/>\u00a0<img loading=\"lazy\" decoding=\"async\" class=\"alignnone wp-image-1888\" src=\"http:\/\/www.futurenergy.ch\/wp-content\/uploads\/2016\/03\/Future-Energy-SA-Partners-4.gif\" alt=\"Future Energy SA &amp; Partners-4\" width=\"271\" height=\"150\" \/><\/p>\n<p>[\/et_pb_text][\/et_pb_column][\/et_pb_row][\/et_pb_section]<\/p>\n","protected":false},"excerpt":{"rendered":"<p>Future Energy Enterprise Future Energy SA ist eine schweizerische Aktiengesellschaft mit einem Eigenkapital von 100&#8217;000 CHF, die im Juni 2014 gegr\u00fcndet wurde und die gesch\u00e4ftlichen T\u00e4tigkeiten der Future Energy Einzelperson Unternehmen, die zuvor seit 2010 aktiv war, \u00fcbernommen hat. Die Gesellschaft ist haupts\u00e4chlich t\u00e4tig in der -Projektentwicklung, Analyse des Energiebedarfs, statische und elektrische \/ hydraulische [&hellip;]<\/p>\n","protected":false},"author":4,"featured_media":0,"parent":0,"menu_order":0,"comment_status":"closed","ping_status":"closed","template":"","meta":{"_et_pb_use_builder":"on","_et_pb_old_content":"","_et_gb_content_width":"","footnotes":""},"class_list":["post-2398","page","type-page","status-publish","hentry"],"_links":{"self":[{"href":"https:\/\/www.futurenergy.ch\/de\/wp-json\/wp\/v2\/pages\/2398","targetHints":{"allow":["GET"]}}],"collection":[{"href":"https:\/\/www.futurenergy.ch\/de\/wp-json\/wp\/v2\/pages"}],"about":[{"href":"https:\/\/www.futurenergy.ch\/de\/wp-json\/wp\/v2\/types\/page"}],"author":[{"embeddable":true,"href":"https:\/\/www.futurenergy.ch\/de\/wp-json\/wp\/v2\/users\/4"}],"replies":[{"embeddable":true,"href":"https:\/\/www.futurenergy.ch\/de\/wp-json\/wp\/v2\/comments?post=2398"}],"version-history":[{"count":20,"href":"https:\/\/www.futurenergy.ch\/de\/wp-json\/wp\/v2\/pages\/2398\/revisions"}],"predecessor-version":[{"id":14062,"href":"https:\/\/www.futurenergy.ch\/de\/wp-json\/wp\/v2\/pages\/2398\/revisions\/14062"}],"wp:attachment":[{"href":"https:\/\/www.futurenergy.ch\/de\/wp-json\/wp\/v2\/media?parent=2398"}],"curies":[{"name":"wp","href":"https:\/\/api.w.org\/{rel}","templated":true}]}}