{"id":2144,"date":"2016-03-15T06:43:52","date_gmt":"2016-03-15T06:43:52","guid":{"rendered":"http:\/\/www.futurenergy.ch\/?page_id=2144&#038;lang=de"},"modified":"2024-05-22T16:17:22","modified_gmt":"2024-05-22T16:17:22","slug":"mounting-systems","status":"publish","type":"page","link":"https:\/\/www.futurenergy.ch\/de\/mounting-systems\/","title":{"rendered":"Mounting Systems"},"content":{"rendered":"<p>[et_pb_section fb_built=&#8220;1&#8243; custom_padding_last_edited=&#8220;on|phone&#8220; admin_label=&#8220;section&#8220; module_class=&#8220;mounting&#8220; _builder_version=&#8220;4.16&#8243; custom_padding=&#8220;15px|||&#8220; custom_padding_tablet=&#8220;50px|0|50px|0&#8243; custom_padding_phone=&#8220;5px|||&#8220; transparent_background=&#8220;off&#8220; padding_mobile=&#8220;off&#8220; make_fullwidth=&#8220;off&#8220; use_custom_width=&#8220;off&#8220; width_unit=&#8220;on&#8220; global_colors_info=&#8220;{}&#8220;][et_pb_row padding_mobile=&#8220;off&#8220; column_padding_mobile=&#8220;on&#8220; custom_padding_last_edited=&#8220;on|phone&#8220; admin_label=&#8220;row&#8220; _builder_version=&#8220;4.16&#8243; background_size=&#8220;initial&#8220; background_position=&#8220;top_left&#8220; background_repeat=&#8220;repeat&#8220; custom_padding=&#8220;5px||5px|&#8220; custom_padding_tablet=&#8220;&#8220; custom_padding_phone=&#8220;5px||0px|&#8220; make_fullwidth=&#8220;off&#8220; use_custom_width=&#8220;off&#8220; width_unit=&#8220;on&#8220; global_colors_info=&#8220;{}&#8220;][et_pb_column type=&#8220;4_4&#8243; _builder_version=&#8220;4.16&#8243; custom_padding=&#8220;|||&#8220; global_colors_info=&#8220;{}&#8220; custom_padding__hover=&#8220;|||&#8220;][et_pb_text admin_label=&#8220;Titel Mounting Systems&#8220; _builder_version=&#8220;4.16&#8243; text_font=&#8220;|on|||&#8220; text_text_color=&#8220;#ffa200&#8243; text_font_size=&#8220;28&#8243; background_size=&#8220;initial&#8220; background_position=&#8220;top_left&#8220; background_repeat=&#8220;repeat&#8220; custom_padding=&#8220;5px|||&#8220; text_font_size_tablet=&#8220;&#8220; text_font_size_phone=&#8220;22&#8243; text_font_size_last_edited=&#8220;on|phone&#8220; use_border_color=&#8220;off&#8220; border_color=&#8220;#ffffff&#8220; border_style=&#8220;solid&#8220; global_colors_info=&#8220;{}&#8220;]Befestigungssysteme<br \/>\n[\/et_pb_text][\/et_pb_column][\/et_pb_row][et_pb_row column_structure=&#8220;1_2,1_2&#8243; padding_mobile=&#8220;off&#8220; column_padding_mobile=&#8220;on&#8220; custom_padding_last_edited=&#8220;on|phone&#8220; admin_label=&#8220;Zeile&#8220; _builder_version=&#8220;4.16&#8243; background_size=&#8220;initial&#8220; background_position=&#8220;top_left&#8220; background_repeat=&#8220;repeat&#8220; custom_padding_tablet=&#8220;&#8220; custom_padding_phone=&#8220;&#8220; make_fullwidth=&#8220;off&#8220; use_custom_width=&#8220;off&#8220; width_unit=&#8220;on&#8220; global_colors_info=&#8220;{}&#8220;][et_pb_column type=&#8220;1_2&#8243; _builder_version=&#8220;4.16&#8243; custom_padding=&#8220;|||&#8220; global_colors_info=&#8220;{}&#8220; custom_padding__hover=&#8220;|||&#8220;][et_pb_text admin_label=&#8220;Text Creotecc Alutec&#8220; _builder_version=&#8220;4.25.1&#8243; background_size=&#8220;initial&#8220; background_position=&#8220;top_left&#8220; background_repeat=&#8220;repeat&#8220; use_border_color=&#8220;off&#8220; border_color=&#8220;#ffffff&#8220; border_style=&#8220;solid&#8220; global_colors_info=&#8220;{}&#8220;]<\/p>\n<p><a href=\"http:\/\/www.futurenergy.ch\/wp-content\/uploads\/2024\/05\/K2.png\"><img loading=\"lazy\" decoding=\"async\" src=\"http:\/\/www.futurenergy.ch\/wp-content\/uploads\/2024\/05\/K2-298x300.png\" width=\"176\" height=\"177\" alt=\"\" class=\"wp-image-13542 alignnone size-medium\" \/><\/a><\/p>\n<p>[\/et_pb_text][et_pb_text admin_label=&#8220;Text Creotecc Alutec&#8220; _builder_version=&#8220;4.25.1&#8243; background_size=&#8220;initial&#8220; background_position=&#8220;top_left&#8220; background_repeat=&#8220;repeat&#8220; use_border_color=&#8220;off&#8220; border_color=&#8220;#ffffff&#8220; border_style=&#8220;solid&#8220; global_colors_info=&#8220;{}&#8220;]<\/p>\n<p><strong>Insertion System<\/strong><\/p>\n<p>-Ohne dass Klammern angebracht werden m\u00fcssen, entf\u00e4llt der Bedarf an Hilfe f\u00fcr eine blitzschnelle Installation<\/p>\n<p>-Einfache Montage mit wenigen Bauteilen und ohne Spezialwerkzeug auf dem Dach<\/p>\n<p>-Schlankes Design mit durchgehend geschlossener Oberfl\u00e4che sorgt f\u00fcr zus\u00e4tzliche Robustheit<\/p>\n<p>-Einlegeprofil sorgt f\u00fcr zus\u00e4tzliche Rahmenversteifung<\/p>\n<p>[\/et_pb_text][et_pb_text admin_label=&#8220;PDF Button Creotec&#8220; _builder_version=&#8220;4.25.1&#8243; background_size=&#8220;initial&#8220; background_position=&#8220;top_left&#8220; background_repeat=&#8220;repeat&#8220; use_border_color=&#8220;off&#8220; border_color=&#8220;#ffffff&#8220; border_style=&#8220;solid&#8220; global_colors_info=&#8220;{}&#8220;]<\/p>\n<p><a href=\"http:\/\/www.futurenergy.ch\/wp-content\/uploads\/2024\/05\/k2-insertion-system-en-2021.pdf\" rel=\"attachment wp-att-13546\">k2-insertion-system-en-2021<\/a><\/p>\n<p>[\/et_pb_text][et_pb_text admin_label=&#8220;Text Creotecc TSM4&#8243; _builder_version=&#8220;4.25.1&#8243; background_size=&#8220;initial&#8220; background_position=&#8220;top_left&#8220; background_repeat=&#8220;repeat&#8220; use_border_color=&#8220;off&#8220; border_color=&#8220;#ffffff&#8220; border_style=&#8220;solid&#8220; global_colors_info=&#8220;{}&#8220;]<\/p>\n<p><strong>SingleRail System<\/strong><\/p>\n<p>-Schnell und kosteng\u00fcnstig mit direkter seitlicher Anbindung an die Schiene inklusive individueller H\u00f6henverstellung<\/p>\n<p>-Sichere Snap-In-Montage &#8211; ohne Verschraubung in die der Grundplatte<\/p>\n<p>-Die SingleRail in Kombination mit CrossHook Dachhaken<\/p>\n<p>[\/et_pb_text][et_pb_text admin_label=&#8220;PDF Button Creotec&#8220; _builder_version=&#8220;4.25.1&#8243; background_size=&#8220;initial&#8220; background_position=&#8220;top_left&#8220; background_repeat=&#8220;repeat&#8220; use_border_color=&#8220;off&#8220; border_color=&#8220;#ffffff&#8220; border_style=&#8220;solid&#8220; global_colors_info=&#8220;{}&#8220;]<\/p>\n<p><a href=\"http:\/\/www.futurenergy.ch\/wp-content\/uploads\/2024\/05\/k2-single-rail-system-en-2021.pdf\" rel=\"attachment wp-att-13550\">k2-single-rail-system-en-2021<\/a><\/p>\n<p>[\/et_pb_text][\/et_pb_column][et_pb_column type=&#8220;1_2&#8243; _builder_version=&#8220;4.16&#8243; custom_padding=&#8220;|||&#8220; global_colors_info=&#8220;{}&#8220; custom_padding__hover=&#8220;|||&#8220;][et_pb_text admin_label=&#8220;Text S:FLEX&#8220; _builder_version=&#8220;4.25.1&#8243; background_size=&#8220;initial&#8220; background_position=&#8220;top_left&#8220; background_repeat=&#8220;repeat&#8220; use_border_color=&#8220;off&#8220; border_color=&#8220;#ffffff&#8220; border_style=&#8220;solid&#8220; global_colors_info=&#8220;{}&#8220;]<\/p>\n<p>&nbsp;<\/p>\n<p><a href=\"http:\/\/www.futurenergy.ch\/wp-content\/uploads\/2024\/05\/varista.png\"><img loading=\"lazy\" decoding=\"async\" src=\"http:\/\/www.futurenergy.ch\/wp-content\/uploads\/2024\/05\/varista-300x95.png\" width=\"300\" height=\"95\" alt=\"\" class=\"wp-image-13554 alignnone size-medium\" srcset=\"https:\/\/www.futurenergy.ch\/wp-content\/uploads\/2024\/05\/varista-300x95.png 300w, https:\/\/www.futurenergy.ch\/wp-content\/uploads\/2024\/05\/varista.png 451w\" sizes=\"(max-width: 300px) 100vw, 300px\" \/><\/a><\/p>\n<p>[\/et_pb_text][et_pb_text admin_label=&#8220;Text S:FLEX&#8220; _builder_version=&#8220;4.25.1&#8243; background_size=&#8220;initial&#8220; background_position=&#8220;top_left&#8220; background_repeat=&#8220;repeat&#8220; use_border_color=&#8220;off&#8220; border_color=&#8220;#ffffff&#8220; border_style=&#8220;solid&#8220; global_colors_info=&#8220;{}&#8220;]<\/p>\n<p><strong>AERO JUST 2.1<\/strong><\/p>\n<p>AERO JUST 2.1 ist unser aerodynamisches S\u00fcd-System zur Befestigung von gerahmten Modulen auf Flachd\u00e4chern. Es ist erh\u00e4ltlich in 5\u00b0, 10\u00b0 sowie 15\u00b0 Neigung und w\u00e4hlbar in verschiedenen.Reihenabst\u00e4nden&#8230;<\/p>\n<p>[\/et_pb_text][et_pb_text admin_label=&#8220;PDF&#8220; _builder_version=&#8220;4.25.1&#8243; background_size=&#8220;initial&#8220; background_position=&#8220;top_left&#8220; background_repeat=&#8220;repeat&#8220; use_border_color=&#8220;off&#8220; border_color=&#8220;#ffffff&#8220; border_style=&#8220;solid&#8220; global_colors_info=&#8220;{}&#8220;]<\/p>\n<p><a href=\"http:\/\/www.futurenergy.ch\/wp-content\/uploads\/2024\/05\/varista-aero-just-en-2021.pdf\" rel=\"attachment wp-att-13558\">varista-aero-just-en-2021<\/a><\/p>\n<p>[\/et_pb_text][et_pb_text admin_label=&#8220;Text LEICHTMOUNT 2.0&#8243; _builder_version=&#8220;4.25.1&#8243; background_size=&#8220;initial&#8220; background_position=&#8220;top_left&#8220; background_repeat=&#8220;repeat&#8220; use_border_color=&#8220;off&#8220; border_color=&#8220;#ffffff&#8220; border_style=&#8220;solid&#8220; global_colors_info=&#8220;{}&#8220;]<\/p>\n<p><strong>FA UNO LT<\/strong><\/p>\n<p>Aufnahme- und Montagesystem f\u00fcr Photovoltaikmodule, f\u00fcr den Einsatz im Freigel\u00e4nde konzipiert, keine Bodenversiegelung durch Montagesystem, extrem schnelle Montage und Inbetriebnahme der Photovoltaikanlage&#8230;<\/p>\n<p>[\/et_pb_text][et_pb_text admin_label=&#8220;PDF&#8220; _builder_version=&#8220;4.25.1&#8243; background_size=&#8220;initial&#8220; background_position=&#8220;top_left&#8220; background_repeat=&#8220;repeat&#8220; use_border_color=&#8220;off&#8220; border_color=&#8220;#ffffff&#8220; border_style=&#8220;solid&#8220; global_colors_info=&#8220;{}&#8220;]<\/p>\n<p><a href=\"http:\/\/www.futurenergy.ch\/wp-content\/uploads\/2024\/05\/varista-freiland-en-2021.pdf\" rel=\"attachment wp-att-13562\">varista-freiland-en-2021<\/a><\/p>\n<p>[\/et_pb_text][\/et_pb_column][\/et_pb_row][et_pb_row admin_label=&#8220;Zeile&#8220; _builder_version=&#8220;4.16&#8243; background_size=&#8220;initial&#8220; background_position=&#8220;top_left&#8220; background_repeat=&#8220;repeat&#8220; global_colors_info=&#8220;{}&#8220;][et_pb_column type=&#8220;4_4&#8243; _builder_version=&#8220;4.16&#8243; custom_padding=&#8220;|||&#8220; global_colors_info=&#8220;{}&#8220; custom_padding__hover=&#8220;|||&#8220;][et_pb_text admin_label=&#8220;Other products available on request&#8220; _builder_version=&#8220;4.16&#8243; background_size=&#8220;initial&#8220; background_position=&#8220;top_left&#8220; background_repeat=&#8220;repeat&#8220; use_border_color=&#8220;off&#8220; border_color=&#8220;#ffffff&#8220; border_style=&#8220;solid&#8220; global_colors_info=&#8220;{}&#8220;]<\/p>\n<p style=\"text-align: center;\"><span lang=\"DE-CH\">Andere Produkte erh\u00e4ltlich auf Anfrage.<\/span><\/p>\n<p>&nbsp;<br \/>\n[\/et_pb_text][\/et_pb_column][\/et_pb_row][\/et_pb_section]<\/p>\n","protected":false},"excerpt":{"rendered":"<p>Befestigungssysteme Insertion System -Ohne dass Klammern angebracht werden m\u00fcssen, entf\u00e4llt der Bedarf an Hilfe f\u00fcr eine blitzschnelle Installation -Einfache Montage mit wenigen Bauteilen und ohne Spezialwerkzeug auf dem Dach -Schlankes Design mit durchgehend geschlossener Oberfl\u00e4che sorgt f\u00fcr zus\u00e4tzliche Robustheit -Einlegeprofil sorgt f\u00fcr zus\u00e4tzliche Rahmenversteifungk2-insertion-system-en-2021SingleRail System -Schnell und kosteng\u00fcnstig mit direkter seitlicher Anbindung an die Schiene [&hellip;]<\/p>\n","protected":false},"author":4,"featured_media":0,"parent":0,"menu_order":0,"comment_status":"closed","ping_status":"closed","template":"","meta":{"_et_pb_use_builder":"on","_et_pb_old_content":"","_et_gb_content_width":"","footnotes":""},"class_list":["post-2144","page","type-page","status-publish","hentry"],"_links":{"self":[{"href":"https:\/\/www.futurenergy.ch\/de\/wp-json\/wp\/v2\/pages\/2144","targetHints":{"allow":["GET"]}}],"collection":[{"href":"https:\/\/www.futurenergy.ch\/de\/wp-json\/wp\/v2\/pages"}],"about":[{"href":"https:\/\/www.futurenergy.ch\/de\/wp-json\/wp\/v2\/types\/page"}],"author":[{"embeddable":true,"href":"https:\/\/www.futurenergy.ch\/de\/wp-json\/wp\/v2\/users\/4"}],"replies":[{"embeddable":true,"href":"https:\/\/www.futurenergy.ch\/de\/wp-json\/wp\/v2\/comments?post=2144"}],"version-history":[{"count":29,"href":"https:\/\/www.futurenergy.ch\/de\/wp-json\/wp\/v2\/pages\/2144\/revisions"}],"predecessor-version":[{"id":13573,"href":"https:\/\/www.futurenergy.ch\/de\/wp-json\/wp\/v2\/pages\/2144\/revisions\/13573"}],"wp:attachment":[{"href":"https:\/\/www.futurenergy.ch\/de\/wp-json\/wp\/v2\/media?parent=2144"}],"curies":[{"name":"wp","href":"https:\/\/api.w.org\/{rel}","templated":true}]}}