{"id":2102,"date":"2016-03-14T23:06:20","date_gmt":"2016-03-14T23:06:20","guid":{"rendered":"http:\/\/www.futurenergy.ch\/?page_id=2102&#038;lang=de"},"modified":"2025-09-04T10:27:02","modified_gmt":"2025-09-04T10:27:02","slug":"photovoltaic-modules","status":"publish","type":"page","link":"https:\/\/www.futurenergy.ch\/de\/photovoltaic-modules\/","title":{"rendered":"Photovoltaic Modules"},"content":{"rendered":"<p>[et_pb_section fb_built=&#8220;1&#8243; custom_padding_last_edited=&#8220;on|phone&#8220; admin_label=&#8220;section&#8220; module_class=&#8220;photovoltaic&#8220; _builder_version=&#8220;4.16&#8243; custom_padding=&#8220;15px|||&#8220; custom_padding_tablet=&#8220;50px|0|50px|0&#8243; custom_padding_phone=&#8220;5px|||&#8220; transparent_background=&#8220;off&#8220; padding_mobile=&#8220;off&#8220; make_fullwidth=&#8220;off&#8220; use_custom_width=&#8220;off&#8220; width_unit=&#8220;on&#8220; global_colors_info=&#8220;{}&#8220;][et_pb_row padding_mobile=&#8220;off&#8220; column_padding_mobile=&#8220;on&#8220; custom_padding_last_edited=&#8220;on|phone&#8220; admin_label=&#8220;row&#8220; _builder_version=&#8220;4.16&#8243; background_size=&#8220;initial&#8220; background_position=&#8220;top_left&#8220; background_repeat=&#8220;repeat&#8220; custom_padding=&#8220;5px||5px|&#8220; custom_padding_tablet=&#8220;&#8220; custom_padding_phone=&#8220;5px||0px|&#8220; make_fullwidth=&#8220;off&#8220; use_custom_width=&#8220;off&#8220; width_unit=&#8220;on&#8220; global_colors_info=&#8220;{}&#8220;][et_pb_column type=&#8220;4_4&#8243; _builder_version=&#8220;4.16&#8243; custom_padding=&#8220;|||&#8220; global_colors_info=&#8220;{}&#8220; custom_padding__hover=&#8220;|||&#8220;][et_pb_text admin_label=&#8220;Titel Photovoltaics&#8220; _builder_version=&#8220;4.16&#8243; text_font=&#8220;|on|||&#8220; text_text_color=&#8220;#ffa200&#8243; text_font_size=&#8220;28&#8243; background_size=&#8220;initial&#8220; background_position=&#8220;top_left&#8220; background_repeat=&#8220;repeat&#8220; custom_padding=&#8220;5px|||&#8220; text_font_size_tablet=&#8220;&#8220; text_font_size_phone=&#8220;22&#8243; text_font_size_last_edited=&#8220;on|phone&#8220; use_border_color=&#8220;off&#8220; border_color=&#8220;#ffffff&#8220; border_style=&#8220;solid&#8220; global_colors_info=&#8220;{}&#8220;]Photovoltaik-Module<br \/>\n[\/et_pb_text][\/et_pb_column][\/et_pb_row][et_pb_row column_structure=&#8220;1_3,1_3,1_3&#8243; padding_mobile=&#8220;off&#8220; column_padding_mobile=&#8220;on&#8220; custom_padding_last_edited=&#8220;on|phone&#8220; admin_label=&#8220;Zeile&#8220; _builder_version=&#8220;4.16&#8243; background_size=&#8220;initial&#8220; background_position=&#8220;top_left&#8220; background_repeat=&#8220;repeat&#8220; custom_padding_tablet=&#8220;&#8220; custom_padding_phone=&#8220;&#8220; make_fullwidth=&#8220;off&#8220; use_custom_width=&#8220;off&#8220; width_unit=&#8220;on&#8220; global_colors_info=&#8220;{}&#8220;][et_pb_column type=&#8220;1_3&#8243; _builder_version=&#8220;4.16&#8243; custom_padding=&#8220;|||&#8220; global_colors_info=&#8220;{}&#8220; custom_padding__hover=&#8220;|||&#8220;][et_pb_image src=&#8220;http:\/\/www.futurenergy.ch\/wp-content\/uploads\/2024\/05\/SunPower.jpg&#8220; title_text=&#8220;SunPower&#8220; align_tablet=&#8220;center&#8220; align_phone=&#8220;center&#8220; align_last_edited=&#8220;on|desktop&#8220; admin_label=&#8220;Bild Logo Sunpower&#8220; _builder_version=&#8220;4.25.1&#8243; use_border_color=&#8220;off&#8220; border_color=&#8220;#ffffff&#8220; border_style=&#8220;solid&#8220; animation=&#8220;off&#8220; sticky=&#8220;off&#8220; always_center_on_mobile=&#8220;on&#8220; global_colors_info=&#8220;{}&#8220;] [\/et_pb_image][et_pb_text admin_label=&#8220;Text SUNPOWER Serie E20 327W&#8220; _builder_version=&#8220;4.25.1&#8243; background_size=&#8220;initial&#8220; background_position=&#8220;top_left&#8220; background_repeat=&#8220;repeat&#8220; use_border_color=&#8220;off&#8220; border_color=&#8220;#ffffff&#8220; border_style=&#8220;solid&#8220; global_colors_info=&#8220;{}&#8220;]<\/p>\n<p><strong>SUNPOWER MAXEON 3 \/ 400 W Module f\u00fcr private Anwendungen<\/strong><\/p>\n<p>SunPower Solarmodule der Maxeon Produktlinie kombinieren einen der h\u00f6chsten Wirkungsgrade mit einer ausserordentlichen Best\u00e4ndigkeit und einer der besten Garantien auf dem Markt\u2026<\/p>\n<p>[\/et_pb_text][et_pb_text admin_label=&#8220;PDF SUNPOWER Serie E20 327W&#8220; _builder_version=&#8220;4.25.1&#8243; background_size=&#8220;initial&#8220; background_position=&#8220;top_left&#8220; background_repeat=&#8220;repeat&#8220; use_border_color=&#8220;off&#8220; border_color=&#8220;#ffffff&#8220; border_style=&#8220;solid&#8220; global_colors_info=&#8220;{}&#8220;]<\/p>\n<p><a href=\"http:\/\/www.futurenergy.ch\/wp-content\/uploads\/2024\/05\/SUNPOWER_MAX3-400-395-390_EN_2019-1.pdf\" rel=\"attachment wp-att-13611\">SUNPOWER_MAX3-400-395-390_EN_2019<\/a><\/p>\n<p>[\/et_pb_text][\/et_pb_column][et_pb_column type=&#8220;1_3&#8243; _builder_version=&#8220;4.16&#8243; custom_padding=&#8220;|||&#8220; global_colors_info=&#8220;{}&#8220; custom_padding__hover=&#8220;|||&#8220;][et_pb_image src=&#8220;http:\/\/www.futurenergy.ch\/wp-content\/uploads\/2024\/05\/FuturaSun-1.png&#8220; title_text=&#8220;FuturaSun&#8220; align_tablet=&#8220;center&#8220; align_phone=&#8220;center&#8220; align_last_edited=&#8220;on|desktop&#8220; admin_label=&#8220;Bild Logo Heckert Solar&#8220; _builder_version=&#8220;4.25.1&#8243; use_border_color=&#8220;off&#8220; border_color=&#8220;#ffffff&#8220; border_style=&#8220;solid&#8220; animation=&#8220;off&#8220; sticky=&#8220;off&#8220; always_center_on_mobile=&#8220;on&#8220; global_colors_info=&#8220;{}&#8220;] [\/et_pb_image][et_pb_text admin_label=&#8220;Text Heckert NeMo\u00ae 60 P&#8220; _builder_version=&#8220;4.25.1&#8243; background_size=&#8220;initial&#8220; background_position=&#8220;top_left&#8220; background_repeat=&#8220;repeat&#8220; use_border_color=&#8220;off&#8220; border_color=&#8220;#ffffff&#8220; border_style=&#8220;solid&#8220; global_colors_info=&#8220;{}&#8220;]<\/p>\n<p><strong>FU 400 M Silk\u00ae Plus<\/strong><\/p>\n<p>Silk\u00ae Plus ist eine Serie monokristalliner Photovoltaikmodule mit hocheffizienten 182 mm Zellen PERC..<\/p>\n<p>[\/et_pb_text][et_pb_text admin_label=&#8220;PDF NeMo\u00ae 60 P&#8220; _builder_version=&#8220;4.25.1&#8243; background_size=&#8220;initial&#8220; background_position=&#8220;top_left&#8220; background_repeat=&#8220;repeat&#8220; use_border_color=&#8220;off&#8220; border_color=&#8220;#ffffff&#8220; border_style=&#8220;solid&#8220; global_colors_info=&#8220;{}&#8220;]<\/p>\n<p><a href=\"http:\/\/www.futurenergy.ch\/wp-content\/uploads\/2024\/05\/FuturaSun_Silk_108_410W_EN_2022.pdf\" rel=\"attachment wp-att-13616\">FuturaSun_Silk_108_410W_EN_2022<\/a><\/p>\n<p>[\/et_pb_text][\/et_pb_column][et_pb_column type=&#8220;1_3&#8243; _builder_version=&#8220;4.16&#8243; custom_padding=&#8220;|||&#8220; global_colors_info=&#8220;{}&#8220; custom_padding__hover=&#8220;|||&#8220;][et_pb_image src=&#8220;http:\/\/www.futurenergy.ch\/wp-content\/uploads\/2025\/09\/Q.Cells_.jpg&#8220; title_text=&#8220;Q.Cells&#8220; align_tablet=&#8220;center&#8220; align_phone=&#8220;center&#8220; align_last_edited=&#8220;on|desktop&#8220; admin_label=&#8220;Bild Logo Q.Cells&#8220; _builder_version=&#8220;4.27.4&#8243; hover_enabled=&#8220;0&#8243; use_border_color=&#8220;off&#8220; border_color=&#8220;#ffffff&#8220; border_style=&#8220;solid&#8220; animation=&#8220;off&#8220; sticky=&#8220;off&#8220; always_center_on_mobile=&#8220;on&#8220; global_colors_info=&#8220;{}&#8220; sticky_enabled=&#8220;0&#8243;] [\/et_pb_image][et_pb_text admin_label=&#8220;Text Q.Cells Q.Pro-G4 255-265&#8243; _builder_version=&#8220;4.27.0&#8243; background_size=&#8220;initial&#8220; background_position=&#8220;top_left&#8220; background_repeat=&#8220;repeat&#8220; use_border_color=&#8220;off&#8220; border_color=&#8220;#ffffff&#8220; border_style=&#8220;solid&#8220; global_colors_info=&#8220;{}&#8220;]<\/p>\n<p><strong>&#8230;<\/strong><\/p>\n<p>\u2026<\/p>\n<p>[\/et_pb_text][et_pb_text admin_label=&#8220;PDF Button Q.Cells&#8220; _builder_version=&#8220;4.25.1&#8243; background_size=&#8220;initial&#8220; background_position=&#8220;top_left&#8220; background_repeat=&#8220;repeat&#8220; use_border_color=&#8220;off&#8220; border_color=&#8220;#ffffff&#8220; border_style=&#8220;solid&#8220; global_colors_info=&#8220;{}&#8220;]<\/p>\n<p><a href=\"http:\/\/www.futurenergy.ch\/wp-content\/uploads\/2024\/05\/Megasol_HC108_M430_EN_2023.pdf\" rel=\"attachment wp-att-13628\">Megasol_HC108_M430_EN_2023<\/a><\/p>\n<p>[\/et_pb_text][\/et_pb_column][\/et_pb_row][et_pb_row admin_label=&#8220;Zeile&#8220; _builder_version=&#8220;4.16&#8243; background_size=&#8220;initial&#8220; background_position=&#8220;top_left&#8220; background_repeat=&#8220;repeat&#8220; global_colors_info=&#8220;{}&#8220;][et_pb_column type=&#8220;4_4&#8243; _builder_version=&#8220;4.16&#8243; custom_padding=&#8220;|||&#8220; global_colors_info=&#8220;{}&#8220; custom_padding__hover=&#8220;|||&#8220;][et_pb_text admin_label=&#8220;Andere Produkte erh\u00e4ltlich auf Anfrage&#8220; _builder_version=&#8220;4.16&#8243; background_size=&#8220;initial&#8220; background_position=&#8220;top_left&#8220; background_repeat=&#8220;repeat&#8220; use_border_color=&#8220;off&#8220; border_color=&#8220;#ffffff&#8220; border_style=&#8220;solid&#8220; global_colors_info=&#8220;{}&#8220;]<\/p>\n<p style=\"text-align: center;\"><span lang=\"DE-CH\">Andere Produkte erh\u00e4ltlich auf Anfrage.<\/span><\/p>\n<p>&nbsp;<br \/>\n[\/et_pb_text][\/et_pb_column][\/et_pb_row][\/et_pb_section]<\/p>\n","protected":false},"excerpt":{"rendered":"<p>Photovoltaik-Module SUNPOWER MAXEON 3 \/ 400 W Module f\u00fcr private Anwendungen SunPower Solarmodule der Maxeon Produktlinie kombinieren einen der h\u00f6chsten Wirkungsgrade mit einer ausserordentlichen Best\u00e4ndigkeit und einer der besten Garantien auf dem Markt\u2026SUNPOWER_MAX3-400-395-390_EN_2019 FU 400 M Silk\u00ae Plus Silk\u00ae Plus ist eine Serie monokristalliner Photovoltaikmodule mit hocheffizienten 182 mm Zellen PERC..FuturaSun_Silk_108_410W_EN_2022 &#8230; \u2026Megasol_HC108_M430_EN_2023Andere Produkte erh\u00e4ltlich [&hellip;]<\/p>\n","protected":false},"author":4,"featured_media":0,"parent":0,"menu_order":0,"comment_status":"closed","ping_status":"closed","template":"","meta":{"_et_pb_use_builder":"on","_et_pb_old_content":"","_et_gb_content_width":"","footnotes":""},"class_list":["post-2102","page","type-page","status-publish","hentry"],"_links":{"self":[{"href":"https:\/\/www.futurenergy.ch\/de\/wp-json\/wp\/v2\/pages\/2102","targetHints":{"allow":["GET"]}}],"collection":[{"href":"https:\/\/www.futurenergy.ch\/de\/wp-json\/wp\/v2\/pages"}],"about":[{"href":"https:\/\/www.futurenergy.ch\/de\/wp-json\/wp\/v2\/types\/page"}],"author":[{"embeddable":true,"href":"https:\/\/www.futurenergy.ch\/de\/wp-json\/wp\/v2\/users\/4"}],"replies":[{"embeddable":true,"href":"https:\/\/www.futurenergy.ch\/de\/wp-json\/wp\/v2\/comments?post=2102"}],"version-history":[{"count":39,"href":"https:\/\/www.futurenergy.ch\/de\/wp-json\/wp\/v2\/pages\/2102\/revisions"}],"predecessor-version":[{"id":13969,"href":"https:\/\/www.futurenergy.ch\/de\/wp-json\/wp\/v2\/pages\/2102\/revisions\/13969"}],"wp:attachment":[{"href":"https:\/\/www.futurenergy.ch\/de\/wp-json\/wp\/v2\/media?parent=2102"}],"curies":[{"name":"wp","href":"https:\/\/api.w.org\/{rel}","templated":true}]}}