{"id":2071,"date":"2016-03-14T22:00:01","date_gmt":"2016-03-14T22:00:01","guid":{"rendered":"http:\/\/www.futurenergy.ch\/?page_id=2071&#038;lang=de"},"modified":"2026-02-07T11:05:18","modified_gmt":"2026-02-07T11:05:18","slug":"photovoltaics","status":"publish","type":"page","link":"https:\/\/www.futurenergy.ch\/de\/photovoltaics\/","title":{"rendered":"Photovoltaics"},"content":{"rendered":"<p>[et_pb_section fb_built=&#8220;1&#8243; custom_padding_last_edited=&#8220;on|phone&#8220; admin_label=&#8220;section&#8220; _builder_version=&#8220;4.16&#8243; custom_padding=&#8220;15px|||&#8220; custom_padding_tablet=&#8220;50px|0|50px|0&#8243; custom_padding_phone=&#8220;5px|||&#8220; transparent_background=&#8220;off&#8220; padding_mobile=&#8220;off&#8220; make_fullwidth=&#8220;off&#8220; use_custom_width=&#8220;off&#8220; width_unit=&#8220;on&#8220; global_colors_info=&#8220;{}&#8220;][et_pb_row padding_mobile=&#8220;off&#8220; column_padding_mobile=&#8220;on&#8220; custom_padding_last_edited=&#8220;on|phone&#8220; admin_label=&#8220;row&#8220; _builder_version=&#8220;4.16&#8243; background_size=&#8220;initial&#8220; background_position=&#8220;top_left&#8220; background_repeat=&#8220;repeat&#8220; custom_padding=&#8220;5px||5px|&#8220; custom_padding_tablet=&#8220;&#8220; custom_padding_phone=&#8220;5px||0px|&#8220; make_fullwidth=&#8220;off&#8220; use_custom_width=&#8220;off&#8220; width_unit=&#8220;on&#8220; global_colors_info=&#8220;{}&#8220;][et_pb_column type=&#8220;4_4&#8243; _builder_version=&#8220;4.16&#8243; custom_padding=&#8220;|||&#8220; global_colors_info=&#8220;{}&#8220; custom_padding__hover=&#8220;|||&#8220;][et_pb_text admin_label=&#8220;Titel Photovoltaics&#8220; _builder_version=&#8220;4.16&#8243; text_font=&#8220;|on|||&#8220; text_text_color=&#8220;#ffa200&#8243; text_font_size=&#8220;28&#8243; background_size=&#8220;initial&#8220; background_position=&#8220;top_left&#8220; background_repeat=&#8220;repeat&#8220; custom_padding=&#8220;5px|||&#8220; use_border_color=&#8220;off&#8220; border_color=&#8220;#ffffff&#8220; border_style=&#8220;solid&#8220; global_colors_info=&#8220;{}&#8220;]<strong>Die Photovoltaik<\/strong><br \/>\n[\/et_pb_text][\/et_pb_column][\/et_pb_row][et_pb_row column_structure=&#8220;1_2,1_2&#8243; padding_mobile=&#8220;off&#8220; column_padding_mobile=&#8220;on&#8220; custom_padding_last_edited=&#8220;on|phone&#8220; admin_label=&#8220;Zeile&#8220; _builder_version=&#8220;4.16&#8243; background_size=&#8220;initial&#8220; background_position=&#8220;top_left&#8220; background_repeat=&#8220;repeat&#8220; custom_padding_tablet=&#8220;&#8220; custom_padding_phone=&#8220;0px|||&#8220; make_fullwidth=&#8220;off&#8220; use_custom_width=&#8220;off&#8220; width_unit=&#8220;on&#8220; global_colors_info=&#8220;{}&#8220;][et_pb_column type=&#8220;1_2&#8243; _builder_version=&#8220;4.16&#8243; custom_padding=&#8220;|||&#8220; global_colors_info=&#8220;{}&#8220; custom_padding__hover=&#8220;|||&#8220;][et_pb_text admin_label=&#8220;Text Photovoltaics&#8220; _builder_version=&#8220;4.25.1&#8243; background_size=&#8220;initial&#8220; background_position=&#8220;top_left&#8220; background_repeat=&#8220;repeat&#8220; use_border_color=&#8220;off&#8220; border_color=&#8220;#ffffff&#8220; border_style=&#8220;solid&#8220; global_colors_info=&#8220;{}&#8220;]<\/p>\n<p><strong>Die Photovoltaik-Technologie<\/strong> ist der Prozess, der die Erzeugung erneuerbarer elektrische Energie aus der elektromagnetischen Strahlung der Sonne erm\u00f6glicht.<\/p>\n<p>Die Photovoltaik-Zelle ist dabei als elektronische Komponente der Grundstein zur Ausbeutung des photoelektrischen Effekts des Sonnenlichts, dabei bilden mehrere Zellen miteinander verbunden ein Photovoltaik-Modul.<\/p>\n<p>Mehrere Module in Serie und\/oder parallel verbunden bilden eine Solaranlage zur Stromerzeugung f\u00fcr den Einsatz in einem Inselsystem, oder gekoppelt mit privaten oder \u00f6ffentlichen Stromverteilungsnetz.<\/p>\n<p>Die Insel-Photovoltaikanlagen k\u00f6nnen den Strom direkt verbrauchen, wof\u00fcr sie bei nicht stromnetzerschlossenen Standorten anhand von Speichersysteme mit insbesondere Batterien ausger\u00fcstet werden, um den erzeugten Strom auch ausserhalb der Produktionszeiten zur Verf\u00fcgung (z.B. in der Nacht).<\/p>\n<p>Photovoltaik-Anlagen k\u00f6nnen auch an das Verteilungsnetz angeschlossen werden, diese Anlagen sind unter anderem mit Wechselrichtern ausger\u00fcstet zur Umwandlung des Gleichstroms in Wechselstrom, je nach spezifischen lokalen Netzeigenschaften (z.B. 50 Hz-Frequenz). Diese zweite Anlagenkategorie erfordert prinzipiell keine Speichersystem, wobei der Strom durch den n\u00e4chstgelegenen Verbraucher im Stromnetz verbraucht wird.<\/p>\n<p>Die Photovoltaik-Technologie unterteilt sich zwischen monokristalline Solarmodule einerseits, mit h\u00f6herer Effizienz sowie h\u00f6chsten Wirkungsgrad pro Fl\u00e4cheneinheit, die vor allem f\u00fcr Anwendungen auf kleineren privaten Fl\u00e4chen verwendet werden. Die polykristallinen Solarmodule andererseits haben derzeit im Vergleich ein tendenziell besseres Preis\/Leistungsverh\u00e4ltnis, weshalb ihre Verwendung den Photovoltaik-Markt dominiert, mit einem optimalen Wirkungsgrad und auch mit einer vorhersehbaren Lebensdauer von \u00fcber 30 Jahren.<\/p>\n<p>Die amorphen Solarmodule haben schlussendlich ein erhebliches Potenzial f\u00fcr die zuk\u00fcnftige Solarindustrie, mit verschiedenen Anwendungen und ein h\u00f6heren Leistungsgrad bei diffusem Licht. Die amorphe Siliziumzellen haben jedoch einen geringeren Wirkungsgrad, im Vergleich zu einem Standard-Kristallin-Modul. Sie sind daher besser geeignet f\u00fcr industrielle Photovoltaik-Anlagen und Solarparks mit gr\u00f6sserer Fl\u00e4chenverf\u00fcgbarkeit, mit konsequenten Skaleneffekten bei den Produktionskosten und auf die Kohlenstoffbilanz (CO2).<\/p>\n<p>Die exponentielle Entwicklung, der gesamt installierter photovoltaischer Leistung, ist insbesondere die Frucht von technologischen Verbesserungen und vor allem der massiven Senkung der Produktionskosten betrachtet \u00fcber die 20 letzten Jahren, mit ungef\u00e4hr 500 GW (Gigawatt) installiert im Jahr 2024, f\u00fcr eine gesamte installierten Leistung von mehr als 2 TW (Terrawatt) und einer Erfassungsfl\u00e4che weltweit von \u00e4quivalent mehr als 2&#8217;000&#8217;000 Fussballfelder (10&#8217;000&#8217;000&#8217;000 m2)!<\/p>\n<p>[\/et_pb_text][\/et_pb_column][et_pb_column type=&#8220;1_2&#8243; _builder_version=&#8220;4.16&#8243; custom_padding=&#8220;|||&#8220; global_colors_info=&#8220;{}&#8220; custom_padding__hover=&#8220;|||&#8220;][et_pb_gallery gallery_ids=&#8220;12956,12960,12964,12968&#8243; posts_number=&#8220;3&#8243; show_title_and_caption=&#8220;off&#8220; show_pagination=&#8220;off&#8220; admin_label=&#8220;Galerie Photovoltaics&#8220; _builder_version=&#8220;4.25.1&#8243; use_border_color=&#8220;off&#8220; border_color=&#8220;#ffffff&#8220; border_style=&#8220;solid&#8220; global_colors_info=&#8220;{}&#8220;] [\/et_pb_gallery][\/et_pb_column][\/et_pb_row][\/et_pb_section]<\/p>\n","protected":false},"excerpt":{"rendered":"<p>Die Photovoltaik Die Photovoltaik-Technologie ist der Prozess, der die Erzeugung erneuerbarer elektrische Energie aus der elektromagnetischen Strahlung der Sonne erm\u00f6glicht. Die Photovoltaik-Zelle ist dabei als elektronische Komponente der Grundstein zur Ausbeutung des photoelektrischen Effekts des Sonnenlichts, dabei bilden mehrere Zellen miteinander verbunden ein Photovoltaik-Modul. Mehrere Module in Serie und\/oder parallel verbunden bilden eine Solaranlage zur [&hellip;]<\/p>\n","protected":false},"author":4,"featured_media":0,"parent":0,"menu_order":0,"comment_status":"closed","ping_status":"closed","template":"","meta":{"_et_pb_use_builder":"on","_et_pb_old_content":"","_et_gb_content_width":"","footnotes":""},"class_list":["post-2071","page","type-page","status-publish","hentry"],"_links":{"self":[{"href":"https:\/\/www.futurenergy.ch\/de\/wp-json\/wp\/v2\/pages\/2071","targetHints":{"allow":["GET"]}}],"collection":[{"href":"https:\/\/www.futurenergy.ch\/de\/wp-json\/wp\/v2\/pages"}],"about":[{"href":"https:\/\/www.futurenergy.ch\/de\/wp-json\/wp\/v2\/types\/page"}],"author":[{"embeddable":true,"href":"https:\/\/www.futurenergy.ch\/de\/wp-json\/wp\/v2\/users\/4"}],"replies":[{"embeddable":true,"href":"https:\/\/www.futurenergy.ch\/de\/wp-json\/wp\/v2\/comments?post=2071"}],"version-history":[{"count":6,"href":"https:\/\/www.futurenergy.ch\/de\/wp-json\/wp\/v2\/pages\/2071\/revisions"}],"predecessor-version":[{"id":14057,"href":"https:\/\/www.futurenergy.ch\/de\/wp-json\/wp\/v2\/pages\/2071\/revisions\/14057"}],"wp:attachment":[{"href":"https:\/\/www.futurenergy.ch\/de\/wp-json\/wp\/v2\/media?parent=2071"}],"curies":[{"name":"wp","href":"https:\/\/api.w.org\/{rel}","templated":true}]}}