{"id":2401,"date":"2016-03-12T18:29:40","date_gmt":"2016-03-12T18:29:40","guid":{"rendered":"http:\/\/www.futurenergy.ch\/?page_id=2401&#038;lang=it"},"modified":"2026-02-07T11:15:14","modified_gmt":"2026-02-07T11:15:14","slug":"enterprise","status":"publish","type":"page","link":"http:\/\/www.futurenergy.ch\/it\/enterprise\/","title":{"rendered":"Enterprise"},"content":{"rendered":"<p>[et_pb_section fb_built=&#8221;1&#8243; custom_padding_last_edited=&#8221;on|phone&#8221; admin_label=&#8221;section&#8221; _builder_version=&#8221;4.16&#8243; custom_padding=&#8221;15px|||&#8221; custom_padding_tablet=&#8221;50px|0|50px|0&#8243; custom_padding_phone=&#8221;5px|||&#8221; transparent_background=&#8221;off&#8221; padding_mobile=&#8221;off&#8221; make_fullwidth=&#8221;off&#8221; use_custom_width=&#8221;off&#8221; width_unit=&#8221;on&#8221; global_colors_info=&#8221;{}&#8221;][et_pb_row padding_mobile=&#8221;off&#8221; column_padding_mobile=&#8221;on&#8221; custom_padding_last_edited=&#8221;on|phone&#8221; admin_label=&#8221;row&#8221; _builder_version=&#8221;4.16&#8243; background_size=&#8221;initial&#8221; background_position=&#8221;top_left&#8221; background_repeat=&#8221;repeat&#8221; custom_padding=&#8221;5px||5px|&#8221; custom_padding_tablet=&#8221;&#8221; custom_padding_phone=&#8221;5px||0px|&#8221; make_fullwidth=&#8221;off&#8221; use_custom_width=&#8221;off&#8221; width_unit=&#8221;on&#8221; global_colors_info=&#8221;{}&#8221;][et_pb_column type=&#8221;4_4&#8243; _builder_version=&#8221;4.16&#8243; custom_padding=&#8221;|||&#8221; global_colors_info=&#8221;{}&#8221; custom_padding__hover=&#8221;|||&#8221;][et_pb_text admin_label=&#8221;Titel Future Energy Enterprise&#8221; _builder_version=&#8221;4.16&#8243; text_font=&#8221;|on|||&#8221; text_text_color=&#8221;#ffa200&#8243; text_font_size=&#8221;28&#8243; background_size=&#8221;initial&#8221; background_position=&#8221;top_left&#8221; background_repeat=&#8221;repeat&#8221; custom_padding=&#8221;5px|||&#8221; text_font_size_tablet=&#8221;&#8221; text_font_size_phone=&#8221;22&#8243; text_font_size_last_edited=&#8221;on|phone&#8221; use_border_color=&#8221;off&#8221; border_color=&#8221;#ffffff&#8221; border_style=&#8221;solid&#8221; global_colors_info=&#8221;{}&#8221;] Future Energy Enterprise [\/et_pb_text][et_pb_text admin_label=&#8221;Text Future Energy Enterprise&#8221; _builder_version=&#8221;4.16&#8243; background_size=&#8221;initial&#8221; background_position=&#8221;top_left&#8221; background_repeat=&#8221;repeat&#8221; use_border_color=&#8221;off&#8221; border_color=&#8221;#ffffff&#8221; border_style=&#8221;solid&#8221; global_colors_info=&#8221;{}&#8221;]<\/p>\n<p><strong>Future Energy SA <\/strong>\u00e8 una societ\u00e0 anonima svizzera, con un capitale proprio di 100&#8217;000 CHF, costituita in giugno 2014 e che ha rilevato le attivit\u00e0 commerciali della Future Energy Impresa individuale precedentemente attiva dal 2010.<\/p>\n<p>La societ\u00e0 \u00e8 principalmente attiva nel\u00a0:<\/p>\n<p>-Sviluppo di progetti, analisi del fabbisogno energetico, dimensionamento statico ed elettrico \/ idraulico, preparazione della documentazione tecnica con preventivo\/offerta ;<\/p>\n<p>&#8211; Ricerca amministrativa, avviso di costruzione, domanda di collegamento alla rete elettrica, richiesta di sussidi cantonali \/ federali;<\/p>\n<p>-la consegna chiavi in \u200b\u200bmano da impianto solare, sistema di contaggio privato, produzione termica \/ riscaldamento.<\/p>\n<p><strong>Vuole acquisire<\/strong> un impianto fotovoltaico, un&#8217;unit\u00e0 solare termica o un sistema termico completo, durante il suo risanamento energetico volontario, il rinnovamento richiesto della sua abitazione o in combinazione con la costruzione del suo progetto immobiliare?<\/p>\n<p>Le forniamo la consegna &#8220;chiavi in \u200b\u200bmano&#8221; di<\/p>\n<p>&#8211; Formalit\u00e0 amministrative richieste, permesso di costruzione, domanda di sussidi, ecc;<\/p>\n<p>&#8211; Componenti completi, moduli fotovoltaici, sistema di fissaggio, inverter e cablaggio, sistema di contaggio, stazione di ricarica, pompa di calore, ecc;<\/p>\n<p>&#8211; Lavori di costruzione su tetto, installazione elettrica completa, collegamento idraulico, movimentazione manuale o meccanica, misure di sicurezza per lavoro necessarie, ecc;<\/p>\n<p>-Procedure per la messa in servizio, collaudo della costruzione, certificazione dell&#8217;impianto di produzione, supervisione della produzione \/ consumo, documentazione tecnica e amministrativa completa per il cliente, ecc.<\/p>\n<p><strong>Il nostro obiettivo<\/strong> \u00e8 la sua soddisfazione a breve e medio termine, utilizzando tutte le nostre competenze per il vostro progetto, con fornitori all&#8217;avanguardia della tecnologia, installatori qualificati e partner specializzati, al fine di offrirla una soluzione su misura secondo le esigenze e desideri, come per i nostri clienti in tutta la Svizzera da piu di 10 anni!<\/p>\n<p><img loading=\"lazy\" decoding=\"async\" class=\"alignnone wp-image-1889\" src=\"http:\/\/www.futurenergy.ch\/wp-content\/uploads\/2016\/03\/Future-Energy-SA-Partners-1.jpg\" alt=\"Future Energy SA &amp; Partners-1\" width=\"190\" height=\"153\" srcset=\"http:\/\/www.futurenergy.ch\/wp-content\/uploads\/2016\/03\/Future-Energy-SA-Partners-1.jpg 560w, http:\/\/www.futurenergy.ch\/wp-content\/uploads\/2016\/03\/Future-Energy-SA-Partners-1-300x241.jpg 300w\" sizes=\"(max-width: 190px) 100vw, 190px\" \/>\u00a0 \u00a0 \u00a0 \u00a0\u00a0<img loading=\"lazy\" decoding=\"async\" class=\"alignnone wp-image-1890\" src=\"http:\/\/www.futurenergy.ch\/wp-content\/uploads\/2016\/03\/Future-Energy-SA-Partners-2.jpg\" alt=\"Future Energy SA &amp; Partners-2\" width=\"231\" height=\"165\" srcset=\"http:\/\/www.futurenergy.ch\/wp-content\/uploads\/2016\/03\/Future-Energy-SA-Partners-2.jpg 1417w, http:\/\/www.futurenergy.ch\/wp-content\/uploads\/2016\/03\/Future-Energy-SA-Partners-2-300x214.jpg 300w, http:\/\/www.futurenergy.ch\/wp-content\/uploads\/2016\/03\/Future-Energy-SA-Partners-2-768x548.jpg 768w, http:\/\/www.futurenergy.ch\/wp-content\/uploads\/2016\/03\/Future-Energy-SA-Partners-2-1024x731.jpg 1024w, http:\/\/www.futurenergy.ch\/wp-content\/uploads\/2016\/03\/Future-Energy-SA-Partners-2-400x284.jpg 400w, http:\/\/www.futurenergy.ch\/wp-content\/uploads\/2016\/03\/Future-Energy-SA-Partners-2-1080x771.jpg 1080w\" sizes=\"(max-width: 231px) 100vw, 231px\" \/>\u00a0 \u00a0 \u00a0 \u00a0 \u00a0\u00a0<img loading=\"lazy\" decoding=\"async\" class=\"alignnone wp-image-1887\" src=\"http:\/\/www.futurenergy.ch\/wp-content\/uploads\/2016\/03\/Future-Energy-SA-Partners-3.jpg\" alt=\"Future Energy SA &amp; Partners-3\" width=\"235\" height=\"235\" srcset=\"http:\/\/www.futurenergy.ch\/wp-content\/uploads\/2016\/03\/Future-Energy-SA-Partners-3.jpg 700w, http:\/\/www.futurenergy.ch\/wp-content\/uploads\/2016\/03\/Future-Energy-SA-Partners-3-150x150.jpg 150w, http:\/\/www.futurenergy.ch\/wp-content\/uploads\/2016\/03\/Future-Energy-SA-Partners-3-300x300.jpg 300w\" sizes=\"(max-width: 235px) 100vw, 235px\" \/>\u00a0<img loading=\"lazy\" decoding=\"async\" class=\"alignnone wp-image-1888\" src=\"http:\/\/www.futurenergy.ch\/wp-content\/uploads\/2016\/03\/Future-Energy-SA-Partners-4.gif\" alt=\"Future Energy SA &amp; Partners-4\" width=\"288\" height=\"159\" \/><\/p>\n<p>[\/et_pb_text][\/et_pb_column][\/et_pb_row][\/et_pb_section]<\/p>\n","protected":false},"excerpt":{"rendered":"<p>Future Energy Enterprise Future Energy SA \u00e8 una societ\u00e0 anonima svizzera, con un capitale proprio di 100&#8217;000 CHF, costituita in giugno 2014 e che ha rilevato le attivit\u00e0 commerciali della Future Energy Impresa individuale precedentemente attiva dal 2010. La societ\u00e0 \u00e8 principalmente attiva nel\u00a0: -Sviluppo di progetti, analisi del fabbisogno energetico, dimensionamento statico ed elettrico [&hellip;]<\/p>\n","protected":false},"author":4,"featured_media":0,"parent":0,"menu_order":0,"comment_status":"closed","ping_status":"closed","template":"","meta":{"_et_pb_use_builder":"on","_et_pb_old_content":"","_et_gb_content_width":"","footnotes":""},"class_list":["post-2401","page","type-page","status-publish","hentry"],"_links":{"self":[{"href":"http:\/\/www.futurenergy.ch\/it\/wp-json\/wp\/v2\/pages\/2401","targetHints":{"allow":["GET"]}}],"collection":[{"href":"http:\/\/www.futurenergy.ch\/it\/wp-json\/wp\/v2\/pages"}],"about":[{"href":"http:\/\/www.futurenergy.ch\/it\/wp-json\/wp\/v2\/types\/page"}],"author":[{"embeddable":true,"href":"http:\/\/www.futurenergy.ch\/it\/wp-json\/wp\/v2\/users\/4"}],"replies":[{"embeddable":true,"href":"http:\/\/www.futurenergy.ch\/it\/wp-json\/wp\/v2\/comments?post=2401"}],"version-history":[{"count":19,"href":"http:\/\/www.futurenergy.ch\/it\/wp-json\/wp\/v2\/pages\/2401\/revisions"}],"predecessor-version":[{"id":14063,"href":"http:\/\/www.futurenergy.ch\/it\/wp-json\/wp\/v2\/pages\/2401\/revisions\/14063"}],"wp:attachment":[{"href":"http:\/\/www.futurenergy.ch\/it\/wp-json\/wp\/v2\/media?parent=2401"}],"curies":[{"name":"wp","href":"https:\/\/api.w.org\/{rel}","templated":true}]}}