{"id":2074,"date":"2016-03-14T22:00:53","date_gmt":"2016-03-14T22:00:53","guid":{"rendered":"http:\/\/www.futurenergy.ch\/?page_id=2074&#038;lang=it"},"modified":"2026-02-07T11:08:03","modified_gmt":"2026-02-07T11:08:03","slug":"photovoltaics","status":"publish","type":"page","link":"http:\/\/www.futurenergy.ch\/it\/photovoltaics\/","title":{"rendered":"Photovoltaics"},"content":{"rendered":"<p>[et_pb_section fb_built=&#8221;1&#8243; custom_padding_last_edited=&#8221;on|phone&#8221; admin_label=&#8221;section&#8221; _builder_version=&#8221;4.16&#8243; custom_padding=&#8221;15px|||&#8221; custom_padding_tablet=&#8221;50px|0|50px|0&#8243; custom_padding_phone=&#8221;5px|||&#8221; transparent_background=&#8221;off&#8221; padding_mobile=&#8221;off&#8221; make_fullwidth=&#8221;off&#8221; use_custom_width=&#8221;off&#8221; width_unit=&#8221;on&#8221; global_colors_info=&#8221;{}&#8221;][et_pb_row padding_mobile=&#8221;off&#8221; column_padding_mobile=&#8221;on&#8221; custom_padding_last_edited=&#8221;on|phone&#8221; admin_label=&#8221;row&#8221; _builder_version=&#8221;4.16&#8243; background_size=&#8221;initial&#8221; background_position=&#8221;top_left&#8221; background_repeat=&#8221;repeat&#8221; custom_padding=&#8221;5px||5px|&#8221; custom_padding_tablet=&#8221;&#8221; custom_padding_phone=&#8221;5px||0px|&#8221; make_fullwidth=&#8221;off&#8221; use_custom_width=&#8221;off&#8221; width_unit=&#8221;on&#8221; global_colors_info=&#8221;{}&#8221;][et_pb_column type=&#8221;4_4&#8243; _builder_version=&#8221;4.16&#8243; custom_padding=&#8221;|||&#8221; global_colors_info=&#8221;{}&#8221; custom_padding__hover=&#8221;|||&#8221;][et_pb_text admin_label=&#8221;Titel Photovoltaics&#8221; _builder_version=&#8221;4.16&#8243; text_font=&#8221;|on|||&#8221; text_text_color=&#8221;#ffa200&#8243; text_font_size=&#8221;28&#8243; background_size=&#8221;initial&#8221; background_position=&#8221;top_left&#8221; background_repeat=&#8221;repeat&#8221; custom_padding=&#8221;5px|||&#8221; use_border_color=&#8221;off&#8221; border_color=&#8221;#ffffff&#8221; border_style=&#8221;solid&#8221; global_colors_info=&#8221;{}&#8221;]<strong>Il fotovoltaico<\/strong><br \/>\n[\/et_pb_text][\/et_pb_column][\/et_pb_row][et_pb_row column_structure=&#8221;1_2,1_2&#8243; padding_mobile=&#8221;off&#8221; column_padding_mobile=&#8221;on&#8221; custom_padding_last_edited=&#8221;on|phone&#8221; admin_label=&#8221;Zeile&#8221; _builder_version=&#8221;4.16&#8243; background_size=&#8221;initial&#8221; background_position=&#8221;top_left&#8221; background_repeat=&#8221;repeat&#8221; custom_padding_tablet=&#8221;&#8221; custom_padding_phone=&#8221;0px|||&#8221; make_fullwidth=&#8221;off&#8221; use_custom_width=&#8221;off&#8221; width_unit=&#8221;on&#8221; global_colors_info=&#8221;{}&#8221;][et_pb_column type=&#8221;1_2&#8243; _builder_version=&#8221;4.16&#8243; custom_padding=&#8221;|||&#8221; global_colors_info=&#8221;{}&#8221; custom_padding__hover=&#8221;|||&#8221;][et_pb_text admin_label=&#8221;Text Photovoltaics&#8221; _builder_version=&#8221;4.25.1&#8243; background_size=&#8221;initial&#8221; background_position=&#8221;top_left&#8221; background_repeat=&#8221;repeat&#8221; use_border_color=&#8221;off&#8221; border_color=&#8221;#ffffff&#8221; border_style=&#8221;solid&#8221; global_colors_info=&#8221;{}&#8221;]<\/p>\n<p><strong>La tecnologia fotovoltaica<\/strong> \u00e8 il processo che permette la produzione di energia elettrica rinnovabile prodotta dalla radiazione elettromagnetica del Sole.<\/p>\n<p>La cellula fotovoltaica \u00e8 il componente elettronico di base che utilizza l\u2019effetto fotoelettrico della luce del sole, tramite diverse celle collegate tra di loro formano un modulo fotovoltaico.<\/p>\n<p>Diversi moduli collegati in serie e\/o in parallelo formano un\u2019impianto fotovoltaico che produce elettricit\u00e0, che pu\u00f2 essere utilizzato in un sistema isolato, oppure per alimentare reti di distribuzione elettrica private o pubbliche.<\/p>\n<p>Gli impianti fotovoltaici isolati possono consumare direttamente l\u2019elettricit\u00e0 prodotta in luoghi non collegati alla rete elettrica, oppure equipaggiato con dispositivi di stocaggio come le batterie, affinch\u00e9 di avere elettricit\u00e0 anche al di fuori degli orari di produzione (p. es. di notte).<\/p>\n<p>\u00a0Gli impianti fotovoltaici possono anche essere collegati alla rete elettrica di distribuzione, questo genere d\u2019impianti sono equipaggiati inoltre con degli inverter che trasformano la corrente continua in corrente alternata in base alle caratteristiche specifiche di ogni rete locale (p. es. frequenza di 50 Hz). Questa seconda categoria d\u2019impianti non necessita in linea di principio di dispositivi di stoccaggio, l\u2019elettricit\u00e0 \u00e8 consumata direttamente dai consumatori pi\u00f9 vicini sulla rete elettrica.<\/p>\n<p>La tecnologia fotovoltaica si suddivide in moduli solari monocristallini da una parte, che possiedono un\u2019efficienza maggiore ed un\u2019efficacia massimale per unit\u00e0 di superficie, principalmente utilizzati per superfici private ristrette. Moduli solari policristallini dall&#8217;altra parte, che hanno tendenzialmente un rapporto qualit\u00e0\/prezzo piu vantaggioso, ragion per cui il loro utilizzo domina il mercato fotovoltaico, con un rendimento ottimale ed una durata di vita prevedibile di oltre 30 anni.<\/p>\n<p>I moduli solari amorfi hanno finalmente un potenziale considerevole per l\u2019industria solare con applicazioni diverse e con il miglior rendimento per luce diffusa. Le celle di silicio amorfo possiedono tuttavia un\u2019efficacia inferiore in paragone ai moduli cristallini standard, di conseguenza sono pi\u00f9 adatti a degli impianti fotovoltaici di misura industriale e per parchi solari di grandi dimensioni con un\u2019economia conseguente sui loro costi di produzione e il bilancio CO2.<\/p>\n<p>L\u2019evoluzione esponenziale della potenza fotovoltaica totale installata \u00e8 in particolare il frutto dei miglioramenti tecnologici e soprattutto la diminuzione massiva dei costi di produzione, considerando gli ultimi 20 anni, con circa 500 GW (Gigawatt) installati in corso dell\u2019anno 2024, per una potenza installata totale di piu di 2 TW (Terrawatt) ed una superficie di cattura mondiale totalizzando l\u2019equivalente di piu\u2019 di 2\u2019000&#8217;000 campi di calcio (10\u2019000&#8217;000&#8217;000 m2)!<\/p>\n<p>[\/et_pb_text][\/et_pb_column][et_pb_column type=&#8221;1_2&#8243; _builder_version=&#8221;4.16&#8243; custom_padding=&#8221;|||&#8221; global_colors_info=&#8221;{}&#8221; custom_padding__hover=&#8221;|||&#8221;][et_pb_gallery gallery_ids=&#8221;12957,12961,12965,12969&#8243; posts_number=&#8221;3&#8243; show_title_and_caption=&#8221;off&#8221; show_pagination=&#8221;off&#8221; admin_label=&#8221;Galerie Photovoltaics&#8221; _builder_version=&#8221;4.25.1&#8243; use_border_color=&#8221;off&#8221; border_color=&#8221;#ffffff&#8221; border_style=&#8221;solid&#8221; global_colors_info=&#8221;{}&#8221;] [\/et_pb_gallery][\/et_pb_column][\/et_pb_row][\/et_pb_section]<\/p>\n","protected":false},"excerpt":{"rendered":"<p>Il fotovoltaico La tecnologia fotovoltaica \u00e8 il processo che permette la produzione di energia elettrica rinnovabile prodotta dalla radiazione elettromagnetica del Sole. La cellula fotovoltaica \u00e8 il componente elettronico di base che utilizza l\u2019effetto fotoelettrico della luce del sole, tramite diverse celle collegate tra di loro formano un modulo fotovoltaico. Diversi moduli collegati in serie [&hellip;]<\/p>\n","protected":false},"author":4,"featured_media":0,"parent":0,"menu_order":0,"comment_status":"closed","ping_status":"closed","template":"","meta":{"_et_pb_use_builder":"on","_et_pb_old_content":"","_et_gb_content_width":"","footnotes":""},"class_list":["post-2074","page","type-page","status-publish","hentry"],"_links":{"self":[{"href":"http:\/\/www.futurenergy.ch\/it\/wp-json\/wp\/v2\/pages\/2074","targetHints":{"allow":["GET"]}}],"collection":[{"href":"http:\/\/www.futurenergy.ch\/it\/wp-json\/wp\/v2\/pages"}],"about":[{"href":"http:\/\/www.futurenergy.ch\/it\/wp-json\/wp\/v2\/types\/page"}],"author":[{"embeddable":true,"href":"http:\/\/www.futurenergy.ch\/it\/wp-json\/wp\/v2\/users\/4"}],"replies":[{"embeddable":true,"href":"http:\/\/www.futurenergy.ch\/it\/wp-json\/wp\/v2\/comments?post=2074"}],"version-history":[{"count":6,"href":"http:\/\/www.futurenergy.ch\/it\/wp-json\/wp\/v2\/pages\/2074\/revisions"}],"predecessor-version":[{"id":14059,"href":"http:\/\/www.futurenergy.ch\/it\/wp-json\/wp\/v2\/pages\/2074\/revisions\/14059"}],"wp:attachment":[{"href":"http:\/\/www.futurenergy.ch\/it\/wp-json\/wp\/v2\/media?parent=2074"}],"curies":[{"name":"wp","href":"https:\/\/api.w.org\/{rel}","templated":true}]}}