{"id":2289,"date":"2016-03-16T08:14:25","date_gmt":"2016-03-16T08:14:25","guid":{"rendered":"http:\/\/www.futurenergy.ch\/?page_id=2289&#038;lang=fr"},"modified":"2024-05-22T07:57:08","modified_gmt":"2024-05-22T07:57:08","slug":"agriculture-puidoux-vd-2014","status":"publish","type":"page","link":"http:\/\/www.futurenergy.ch\/fr\/agriculture-puidoux-vd-2014\/","title":{"rendered":"Agriculture &#8211; Puidoux  &#8211; VD &#8211; 2014"},"content":{"rendered":"<p>[et_pb_section fb_built=\u00a0\u00bb1&Prime; custom_padding_last_edited=\u00a0\u00bbon|desktop\u00a0\u00bb admin_label=\u00a0\u00bbsection\u00a0\u00bb _builder_version=\u00a0\u00bb4.16&Prime; custom_padding=\u00a0\u00bb15px|||\u00a0\u00bb custom_padding_tablet=\u00a0\u00bb50px|0|50px|0&Prime; transparent_background=\u00a0\u00bboff\u00a0\u00bb padding_mobile=\u00a0\u00bboff\u00a0\u00bb make_fullwidth=\u00a0\u00bboff\u00a0\u00bb use_custom_width=\u00a0\u00bboff\u00a0\u00bb width_unit=\u00a0\u00bbon\u00a0\u00bb global_colors_info=\u00a0\u00bb{}\u00a0\u00bb custom_padding_phone=\u00a0\u00bb50px|0|50px|0&Prime;][et_pb_row padding_mobile=\u00a0\u00bboff\u00a0\u00bb column_padding_mobile=\u00a0\u00bbon\u00a0\u00bb admin_label=\u00a0\u00bbrow\u00a0\u00bb _builder_version=\u00a0\u00bb4.16&Prime; background_size=\u00a0\u00bbinitial\u00a0\u00bb background_position=\u00a0\u00bbtop_left\u00a0\u00bb background_repeat=\u00a0\u00bbrepeat\u00a0\u00bb custom_padding=\u00a0\u00bb15px|||\u00a0\u00bb make_fullwidth=\u00a0\u00bboff\u00a0\u00bb use_custom_width=\u00a0\u00bboff\u00a0\u00bb width_unit=\u00a0\u00bbon\u00a0\u00bb global_colors_info=\u00a0\u00bb{}\u00a0\u00bb column_structure=\u00a0\u00bb1_3,2_3&Prime;][et_pb_column type=\u00a0\u00bb1_3&Prime; _builder_version=\u00a0\u00bb4.16&Prime; custom_padding=\u00a0\u00bb|||\u00a0\u00bb global_colors_info=\u00a0\u00bb{}\u00a0\u00bb custom_padding__hover=\u00a0\u00bb|||\u00a0\u00bb][et_pb_divider show_divider=\u00a0\u00bboff\u00a0\u00bb disabled_on=\u00a0\u00bbon|on|off\u00a0\u00bb admin_label=\u00a0\u00bbTeiler\u00a0\u00bb _builder_version=\u00a0\u00bb4.16&Prime; height=\u00a0\u00bb9px\u00a0\u00bb hide_on_mobile=\u00a0\u00bbon\u00a0\u00bb global_colors_info=\u00a0\u00bb{}\u00a0\u00bb][\/et_pb_divider][et_pb_text admin_label=\u00a0\u00bbText\u00a0\u00bb _builder_version=\u00a0\u00bb4.16&Prime; text_text_color=\u00a0\u00bb#ffa200&Prime; text_font_size=\u00a0\u00bb12&Prime; background_size=\u00a0\u00bbinitial\u00a0\u00bb background_position=\u00a0\u00bbtop_left\u00a0\u00bb background_repeat=\u00a0\u00bbrepeat\u00a0\u00bb use_border_color=\u00a0\u00bboff\u00a0\u00bb border_color=\u00a0\u00bb#ffffff\u00a0\u00bb border_style=\u00a0\u00bbsolid\u00a0\u00bb global_colors_info=\u00a0\u00bb{}\u00a0\u00bb]<\/p>\n<h4><span style=\"color: #ff9900;\">Plusieurs projets solaires en phase de planification et nouvelles installations de r\u00e9f\u00e9rences disponibles bient\u00f4t aussi sur notre site web&#8230;<\/span><\/h4>\n<p>&nbsp;<\/p>\n<ul>\n<li><a href=\"http:\/\/www.futurenergy.ch\/agriculture-home-bolligen-be\/\">Agriculture &amp; Habitation &#8211; Bolligen &#8211; BE<\/a><\/li>\n<li><a href=\"http:\/\/www.futurenergy.ch\/agriculture-home-bouloz-fr\/\">Agriculture &amp; Habitation &#8211; Bouloz &#8211; FR<\/a><\/li>\n<li><a href=\"http:\/\/www.futurenergy.ch\/agriculture-home-le-mouret-fr\/\">Agriculture &amp; Habitation &#8211; Le Mouret &#8211; FR<\/a><\/li>\n<li><a href=\"http:\/\/www.futurenergy.ch\/agriculture-puidoux-vd-2014\/\">Agriculture &#8211; Puidoux  &#8211; VD<\/a><\/li>\n<li><a href=\"http:\/\/www.futurenergy.ch\/agriculture-puidoux-vd-2013\/\">Agriculture &#8211; Puidoux  &#8211; VD<\/a><\/li>\n<li><a href=\"http:\/\/www.futurenergy.ch\/agriculture-puidoux-vd-2012\/\">Agriculture &#8211; Puidoux &#8211; VD<\/a><\/li>\n<li><a href=\"http:\/\/www.futurenergy.ch\/agriculture-crissier-vd\/\">Agriculture &#8211; Crissier &#8211; VD <\/a><\/li>\n<\/ul>\n<p>[\/et_pb_text][\/et_pb_column][et_pb_column type=\u00a0\u00bb2_3&Prime; _builder_version=\u00a0\u00bb4.16&Prime; custom_padding=\u00a0\u00bb|||\u00a0\u00bb global_colors_info=\u00a0\u00bb{}\u00a0\u00bb custom_padding__hover=\u00a0\u00bb|||\u00a0\u00bb][et_pb_text admin_label=\u00a0\u00bbText Titel Famille Chevalley &#8211; Puidoux \/ 2 &#8211; VD \u00a0\u00bb _builder_version=\u00a0\u00bb4.16&Prime; text_text_color=\u00a0\u00bb#ffa200&Prime; text_font_size=\u00a0\u00bb28&Prime; background_size=\u00a0\u00bbinitial\u00a0\u00bb background_position=\u00a0\u00bbtop_left\u00a0\u00bb background_repeat=\u00a0\u00bbrepeat\u00a0\u00bb use_border_color=\u00a0\u00bboff\u00a0\u00bb border_color=\u00a0\u00bb#ffffff\u00a0\u00bb border_style=\u00a0\u00bbsolid\u00a0\u00bb global_colors_info=\u00a0\u00bb{}\u00a0\u00bb]Agriculture &#8211; Puidoux  &#8211; VD &#8211; 2014<br \/>\n[\/et_pb_text][et_pb_gallery gallery_ids=\u00a0\u00bb4930,4931,4932,5902&Prime; show_title_and_caption=\u00a0\u00bboff\u00a0\u00bb show_pagination=\u00a0\u00bboff\u00a0\u00bb admin_label=\u00a0\u00bbGalerie Famille Chevalley &#8211; Puidoux \/ 2 &#8211; VD \u00a0\u00bb _builder_version=\u00a0\u00bb4.16&Prime; border_width_all=\u00a0\u00bb1px\u00a0\u00bb border_color_all=\u00a0\u00bb#ffffff\u00a0\u00bb border_style_all=\u00a0\u00bbsolid\u00a0\u00bb use_border_color=\u00a0\u00bbon\u00a0\u00bb border_color=\u00a0\u00bb#ffffff\u00a0\u00bb border_style=\u00a0\u00bbsolid\u00a0\u00bb global_colors_info=\u00a0\u00bb{}\u00a0\u00bb][\/et_pb_gallery][et_pb_text admin_label=\u00a0\u00bbtext Famille Chevalley &#8211; Puidoux \/ 2 &#8211; VD \u00a0\u00bb _builder_version=\u00a0\u00bb4.16&Prime; text_line_height=\u00a0\u00bb1em\u00a0\u00bb background_size=\u00a0\u00bbinitial\u00a0\u00bb background_position=\u00a0\u00bbtop_left\u00a0\u00bb background_repeat=\u00a0\u00bbrepeat\u00a0\u00bb use_border_color=\u00a0\u00bboff\u00a0\u00bb border_color=\u00a0\u00bb#ffffff\u00a0\u00bb border_style=\u00a0\u00bbsolid\u00a0\u00bb global_colors_info=\u00a0\u00bb{}\u00a0\u00bb]<strong>Agriculture &#8211; Puidoux  &#8211; VD &#8211; 2014 &#8211; +50 kW \/ +350m2 (2\/2)<\/strong><\/p>\n<p>Production : 100\u2019000 kWhel\/ann\u00e9e = Equivalent : 10\u2019000 l. fioul \/ Economies : 65\u2019000m3 CO2<\/p>\n<p>Produits : 180 \u00d7 Q.Cells Q.Peak-G3-270-Mono + 3 \u00d7 SolarMax 13MT2<br \/>\n[\/et_pb_text][\/et_pb_column][\/et_pb_row][\/et_pb_section]<\/p>\n","protected":false},"excerpt":{"rendered":"<p>Plusieurs projets solaires en phase de planification et nouvelles installations de r\u00e9f\u00e9rences disponibles bient\u00f4t aussi sur notre site web&#8230; &nbsp; Agriculture &amp; Habitation &#8211; Bolligen &#8211; BE Agriculture &amp; Habitation &#8211; Bouloz &#8211; FR Agriculture &amp; Habitation &#8211; Le Mouret &#8211; FR Agriculture &#8211; Puidoux &#8211; VD Agriculture &#8211; Puidoux &#8211; VD Agriculture &#8211; Puidoux [&hellip;]<\/p>\n","protected":false},"author":4,"featured_media":0,"parent":0,"menu_order":0,"comment_status":"closed","ping_status":"closed","template":"","meta":{"_et_pb_use_builder":"on","_et_pb_old_content":"","_et_gb_content_width":"","footnotes":""},"class_list":["post-2289","page","type-page","status-publish","hentry"],"_links":{"self":[{"href":"http:\/\/www.futurenergy.ch\/fr\/wp-json\/wp\/v2\/pages\/2289","targetHints":{"allow":["GET"]}}],"collection":[{"href":"http:\/\/www.futurenergy.ch\/fr\/wp-json\/wp\/v2\/pages"}],"about":[{"href":"http:\/\/www.futurenergy.ch\/fr\/wp-json\/wp\/v2\/types\/page"}],"author":[{"embeddable":true,"href":"http:\/\/www.futurenergy.ch\/fr\/wp-json\/wp\/v2\/users\/4"}],"replies":[{"embeddable":true,"href":"http:\/\/www.futurenergy.ch\/fr\/wp-json\/wp\/v2\/comments?post=2289"}],"version-history":[{"count":13,"href":"http:\/\/www.futurenergy.ch\/fr\/wp-json\/wp\/v2\/pages\/2289\/revisions"}],"predecessor-version":[{"id":13126,"href":"http:\/\/www.futurenergy.ch\/fr\/wp-json\/wp\/v2\/pages\/2289\/revisions\/13126"}],"wp:attachment":[{"href":"http:\/\/www.futurenergy.ch\/fr\/wp-json\/wp\/v2\/media?parent=2289"}],"curies":[{"name":"wp","href":"https:\/\/api.w.org\/{rel}","templated":true}]}}